{"id":105,"date":"2023-05-19T10:36:54","date_gmt":"2023-05-19T15:36:54","guid":{"rendered":"https:\/\/cartourgenatravel.com\/?post_type=product&#038;p=105"},"modified":"2023-06-11T15:29:42","modified_gmt":"2023-06-11T20:29:42","slug":"tropical-inn","status":"publish","type":"product","link":"https:\/\/cartourgenatravel.com\/index.php\/product\/tropical-inn\/","title":{"rendered":"Tropical inn"},"content":{"rendered":"<p>Uno de los para\u00edsos m\u00e1s hermosos de Colombia, se encuentra ubicado en la ciudad de Cartagena, m\u00e1s exactamente en la isla TIERRA BOMBA, es all\u00ed donde puedes disfrutar del hermoso y acogedor HOTEL TROPICAL INN, un lugar que le hace homenaje a la zona con su hermosa arquitectura caribe\u00f1a, que te invita a disfrutar de los m\u00e1s perfectos paisajes hacia la ciudad de Cartagena y adeleitarte con sus hermosas y extensas playas de arena blanca.<\/p>\n","protected":false},"excerpt":{"rendered":"<p>Uno de los para\u00edsos m\u00e1s hermosos de Colombia, se encuentra ubicado en la ciudad de Cartagena, m\u00e1s exactamente en la isla TIERRA BOMBA, es all\u00ed donde puedes disfrutar del hermoso y acogedor HOTEL TROPICAL INN, un lugar que le hace homenaje a la zona con su hermosa arquitectura caribe\u00f1a, que te invita a disfrutar de [&hellip;]<\/p>\n","protected":false},"featured_media":183,"comment_status":"open","ping_status":"closed","template":"","meta":{"_acf_changed":false,"_monsterinsights_skip_tracking":false,"_monsterinsights_sitenote_active":false,"_monsterinsights_sitenote_note":"","_monsterinsights_sitenote_category":0,"_joinchat":[]},"product_brand":[],"product_cat":[45],"product_tag":[],"class_list":{"0":"post-105","1":"product","2":"type-product","3":"status-publish","4":"has-post-thumbnail","6":"product_cat-tierra-bomba","8":"first","9":"instock","10":"virtual","11":"sold-individually","12":"purchasable","13":"product-type-booking"},"booking_location":"","booking_location_type":"","booking_duration":1,"booking_duration_unit":"day","booking_buffer":0,"booking_cost":0,"booking_resources":[],"acf":[],"yoast_head":"<!-- This site is optimized with the Yoast SEO plugin v27.6 - https:\/\/yoast.com\/product\/yoast-seo-wordpress\/ -->\n<title>Tropical inn - cartourgenatravel.com<\/title>\n<meta name=\"robots\" content=\"index, follow, max-snippet:-1, max-image-preview:large, max-video-preview:-1\" \/>\n<link rel=\"canonical\" href=\"https:\/\/cartourgenatravel.com\/index.php\/product\/tropical-inn\/\" \/>\n<meta property=\"og:locale\" content=\"es_ES\" \/>\n<meta property=\"og:type\" content=\"article\" \/>\n<meta property=\"og:title\" content=\"Tropical inn - cartourgenatravel.com\" \/>\n<meta property=\"og:description\" content=\"Uno de los para\u00edsos m\u00e1s hermosos de Colombia, se encuentra ubicado en la ciudad de Cartagena, m\u00e1s exactamente en la isla TIERRA BOMBA, es all\u00ed donde puedes disfrutar del hermoso y acogedor HOTEL TROPICAL INN, un lugar que le hace homenaje a la zona con su hermosa arquitectura caribe\u00f1a, que te invita a disfrutar de [&hellip;]\" \/>\n<meta property=\"og:url\" content=\"https:\/\/cartourgenatravel.com\/index.php\/product\/tropical-inn\/\" \/>\n<meta property=\"og:site_name\" content=\"cartourgenatravel.com\" \/>\n<meta property=\"article:modified_time\" content=\"2023-06-11T20:29:42+00:00\" \/>\n<meta property=\"og:image\" content=\"https:\/\/cartourgenatravel.com\/wp-content\/uploads\/2023\/05\/TRopical-INN-4.jpeg\" \/>\n\t<meta property=\"og:image:width\" content=\"1280\" \/>\n\t<meta property=\"og:image:height\" content=\"621\" \/>\n\t<meta property=\"og:image:type\" content=\"image\/jpeg\" \/>\n<meta name=\"twitter:card\" content=\"summary_large_image\" \/>\n<meta name=\"twitter:label1\" content=\"Tiempo de lectura\" \/>\n\t<meta name=\"twitter:data1\" content=\"1 minuto\" \/>\n<script type=\"application\/ld+json\" class=\"yoast-schema-graph\">{\"@context\":\"https:\\\/\\\/schema.org\",\"@graph\":[{\"@type\":\"WebPage\",\"@id\":\"https:\\\/\\\/cartourgenatravel.com\\\/index.php\\\/product\\\/tropical-inn\\\/\",\"url\":\"https:\\\/\\\/cartourgenatravel.com\\\/index.php\\\/product\\\/tropical-inn\\\/\",\"name\":\"Tropical inn - cartourgenatravel.com\",\"isPartOf\":{\"@id\":\"https:\\\/\\\/cartourgenatravel.com\\\/#website\"},\"primaryImageOfPage\":{\"@id\":\"https:\\\/\\\/cartourgenatravel.com\\\/index.php\\\/product\\\/tropical-inn\\\/#primaryimage\"},\"image\":{\"@id\":\"https:\\\/\\\/cartourgenatravel.com\\\/index.php\\\/product\\\/tropical-inn\\\/#primaryimage\"},\"thumbnailUrl\":\"https:\\\/\\\/cartourgenatravel.com\\\/wp-content\\\/uploads\\\/2023\\\/05\\\/TRopical-INN-4.jpeg\",\"datePublished\":\"2023-05-19T15:36:54+00:00\",\"dateModified\":\"2023-06-11T20:29:42+00:00\",\"breadcrumb\":{\"@id\":\"https:\\\/\\\/cartourgenatravel.com\\\/index.php\\\/product\\\/tropical-inn\\\/#breadcrumb\"},\"inLanguage\":\"es\",\"potentialAction\":[{\"@type\":\"ReadAction\",\"target\":[\"https:\\\/\\\/cartourgenatravel.com\\\/index.php\\\/product\\\/tropical-inn\\\/\"]}]},{\"@type\":\"ImageObject\",\"inLanguage\":\"es\",\"@id\":\"https:\\\/\\\/cartourgenatravel.com\\\/index.php\\\/product\\\/tropical-inn\\\/#primaryimage\",\"url\":\"https:\\\/\\\/cartourgenatravel.com\\\/wp-content\\\/uploads\\\/2023\\\/05\\\/TRopical-INN-4.jpeg\",\"contentUrl\":\"https:\\\/\\\/cartourgenatravel.com\\\/wp-content\\\/uploads\\\/2023\\\/05\\\/TRopical-INN-4.jpeg\",\"width\":1280,\"height\":621},{\"@type\":\"BreadcrumbList\",\"@id\":\"https:\\\/\\\/cartourgenatravel.com\\\/index.php\\\/product\\\/tropical-inn\\\/#breadcrumb\",\"itemListElement\":[{\"@type\":\"ListItem\",\"position\":1,\"name\":\"Portada\",\"item\":\"https:\\\/\\\/cartourgenatravel.com\\\/\"},{\"@type\":\"ListItem\",\"position\":2,\"name\":\"Tours\",\"item\":\"https:\\\/\\\/cartourgenatravel.com\\\/index.php\\\/turismo-cultural-local\\\/tours\\\/\"},{\"@type\":\"ListItem\",\"position\":3,\"name\":\"Tropical inn\"}]},{\"@type\":\"WebSite\",\"@id\":\"https:\\\/\\\/cartourgenatravel.com\\\/#website\",\"url\":\"https:\\\/\\\/cartourgenatravel.com\\\/\",\"name\":\"cartourgenatravel.com\",\"description\":\"Una agencia que potencia el turismo local\",\"publisher\":{\"@id\":\"https:\\\/\\\/cartourgenatravel.com\\\/#organization\"},\"potentialAction\":[{\"@type\":\"SearchAction\",\"target\":{\"@type\":\"EntryPoint\",\"urlTemplate\":\"https:\\\/\\\/cartourgenatravel.com\\\/?s={search_term_string}\"},\"query-input\":{\"@type\":\"PropertyValueSpecification\",\"valueRequired\":true,\"valueName\":\"search_term_string\"}}],\"inLanguage\":\"es\"},{\"@type\":\"Organization\",\"@id\":\"https:\\\/\\\/cartourgenatravel.com\\\/#organization\",\"name\":\"cartourgenatravel.com\",\"url\":\"https:\\\/\\\/cartourgenatravel.com\\\/\",\"logo\":{\"@type\":\"ImageObject\",\"inLanguage\":\"es\",\"@id\":\"https:\\\/\\\/cartourgenatravel.com\\\/#\\\/schema\\\/logo\\\/image\\\/\",\"url\":\"https:\\\/\\\/cartourgenatravel.com\\\/wp-content\\\/uploads\\\/2023\\\/05\\\/cartourstravel-logo-.webp\",\"contentUrl\":\"https:\\\/\\\/cartourgenatravel.com\\\/wp-content\\\/uploads\\\/2023\\\/05\\\/cartourstravel-logo-.webp\",\"width\":661,\"height\":482,\"caption\":\"cartourgenatravel.com\"},\"image\":{\"@id\":\"https:\\\/\\\/cartourgenatravel.com\\\/#\\\/schema\\\/logo\\\/image\\\/\"},\"sameAs\":[\"https:\\\/\\\/www.instagram.com\\\/cartourgena_travel\\\/\"]}]}<\/script>\n<!-- \/ Yoast SEO plugin. -->","yoast_head_json":{"title":"Tropical inn - cartourgenatravel.com","robots":{"index":"index","follow":"follow","max-snippet":"max-snippet:-1","max-image-preview":"max-image-preview:large","max-video-preview":"max-video-preview:-1"},"canonical":"https:\/\/cartourgenatravel.com\/index.php\/product\/tropical-inn\/","og_locale":"es_ES","og_type":"article","og_title":"Tropical inn - cartourgenatravel.com","og_description":"Uno de los para\u00edsos m\u00e1s hermosos de Colombia, se encuentra ubicado en la ciudad de Cartagena, m\u00e1s exactamente en la isla TIERRA BOMBA, es all\u00ed donde puedes disfrutar del hermoso y acogedor HOTEL TROPICAL INN, un lugar que le hace homenaje a la zona con su hermosa arquitectura caribe\u00f1a, que te invita a disfrutar de [&hellip;]","og_url":"https:\/\/cartourgenatravel.com\/index.php\/product\/tropical-inn\/","og_site_name":"cartourgenatravel.com","article_modified_time":"2023-06-11T20:29:42+00:00","og_image":[{"width":1280,"height":621,"url":"https:\/\/cartourgenatravel.com\/wp-content\/uploads\/2023\/05\/TRopical-INN-4.jpeg","type":"image\/jpeg"}],"twitter_card":"summary_large_image","twitter_misc":{"Tiempo de lectura":"1 minuto"},"schema":{"@context":"https:\/\/schema.org","@graph":[{"@type":"WebPage","@id":"https:\/\/cartourgenatravel.com\/index.php\/product\/tropical-inn\/","url":"https:\/\/cartourgenatravel.com\/index.php\/product\/tropical-inn\/","name":"Tropical inn - cartourgenatravel.com","isPartOf":{"@id":"https:\/\/cartourgenatravel.com\/#website"},"primaryImageOfPage":{"@id":"https:\/\/cartourgenatravel.com\/index.php\/product\/tropical-inn\/#primaryimage"},"image":{"@id":"https:\/\/cartourgenatravel.com\/index.php\/product\/tropical-inn\/#primaryimage"},"thumbnailUrl":"https:\/\/cartourgenatravel.com\/wp-content\/uploads\/2023\/05\/TRopical-INN-4.jpeg","datePublished":"2023-05-19T15:36:54+00:00","dateModified":"2023-06-11T20:29:42+00:00","breadcrumb":{"@id":"https:\/\/cartourgenatravel.com\/index.php\/product\/tropical-inn\/#breadcrumb"},"inLanguage":"es","potentialAction":[{"@type":"ReadAction","target":["https:\/\/cartourgenatravel.com\/index.php\/product\/tropical-inn\/"]}]},{"@type":"ImageObject","inLanguage":"es","@id":"https:\/\/cartourgenatravel.com\/index.php\/product\/tropical-inn\/#primaryimage","url":"https:\/\/cartourgenatravel.com\/wp-content\/uploads\/2023\/05\/TRopical-INN-4.jpeg","contentUrl":"https:\/\/cartourgenatravel.com\/wp-content\/uploads\/2023\/05\/TRopical-INN-4.jpeg","width":1280,"height":621},{"@type":"BreadcrumbList","@id":"https:\/\/cartourgenatravel.com\/index.php\/product\/tropical-inn\/#breadcrumb","itemListElement":[{"@type":"ListItem","position":1,"name":"Portada","item":"https:\/\/cartourgenatravel.com\/"},{"@type":"ListItem","position":2,"name":"Tours","item":"https:\/\/cartourgenatravel.com\/index.php\/turismo-cultural-local\/tours\/"},{"@type":"ListItem","position":3,"name":"Tropical inn"}]},{"@type":"WebSite","@id":"https:\/\/cartourgenatravel.com\/#website","url":"https:\/\/cartourgenatravel.com\/","name":"cartourgenatravel.com","description":"Una agencia que potencia el turismo local","publisher":{"@id":"https:\/\/cartourgenatravel.com\/#organization"},"potentialAction":[{"@type":"SearchAction","target":{"@type":"EntryPoint","urlTemplate":"https:\/\/cartourgenatravel.com\/?s={search_term_string}"},"query-input":{"@type":"PropertyValueSpecification","valueRequired":true,"valueName":"search_term_string"}}],"inLanguage":"es"},{"@type":"Organization","@id":"https:\/\/cartourgenatravel.com\/#organization","name":"cartourgenatravel.com","url":"https:\/\/cartourgenatravel.com\/","logo":{"@type":"ImageObject","inLanguage":"es","@id":"https:\/\/cartourgenatravel.com\/#\/schema\/logo\/image\/","url":"https:\/\/cartourgenatravel.com\/wp-content\/uploads\/2023\/05\/cartourstravel-logo-.webp","contentUrl":"https:\/\/cartourgenatravel.com\/wp-content\/uploads\/2023\/05\/cartourstravel-logo-.webp","width":661,"height":482,"caption":"cartourgenatravel.com"},"image":{"@id":"https:\/\/cartourgenatravel.com\/#\/schema\/logo\/image\/"},"sameAs":["https:\/\/www.instagram.com\/cartourgena_travel\/"]}]}},"_links":{"self":[{"href":"https:\/\/cartourgenatravel.com\/index.php\/wp-json\/wp\/v2\/product\/105","targetHints":{"allow":["GET"]}}],"collection":[{"href":"https:\/\/cartourgenatravel.com\/index.php\/wp-json\/wp\/v2\/product"}],"about":[{"href":"https:\/\/cartourgenatravel.com\/index.php\/wp-json\/wp\/v2\/types\/product"}],"replies":[{"embeddable":true,"href":"https:\/\/cartourgenatravel.com\/index.php\/wp-json\/wp\/v2\/comments?post=105"}],"version-history":[{"count":0,"href":"https:\/\/cartourgenatravel.com\/index.php\/wp-json\/wp\/v2\/product\/105\/revisions"}],"wp:featuredmedia":[{"embeddable":true,"href":"https:\/\/cartourgenatravel.com\/index.php\/wp-json\/wp\/v2\/media\/183"}],"wp:attachment":[{"href":"https:\/\/cartourgenatravel.com\/index.php\/wp-json\/wp\/v2\/media?parent=105"}],"wp:term":[{"taxonomy":"product_brand","embeddable":true,"href":"https:\/\/cartourgenatravel.com\/index.php\/wp-json\/wp\/v2\/product_brand?post=105"},{"taxonomy":"product_cat","embeddable":true,"href":"https:\/\/cartourgenatravel.com\/index.php\/wp-json\/wp\/v2\/product_cat?post=105"},{"taxonomy":"product_tag","embeddable":true,"href":"https:\/\/cartourgenatravel.com\/index.php\/wp-json\/wp\/v2\/product_tag?post=105"}],"curies":[{"name":"wp","href":"https:\/\/api.w.org\/{rel}","templated":true}]}}