{"id":114,"date":"2023-05-19T10:36:55","date_gmt":"2023-05-19T15:36:55","guid":{"rendered":"https:\/\/cartourgenatravel.com\/?post_type=product&#038;p=114"},"modified":"2026-02-26T07:10:56","modified_gmt":"2026-02-26T12:10:56","slug":"5-islas-full-day","status":"publish","type":"product","link":"https:\/\/cartourgenatravel.com\/index.php\/product\/5-islas-full-day\/","title":{"rendered":"5 Islas Full Day"},"content":{"rendered":"<p>&#8211; El recorrido comienza con salida 9:00am desde el muelle de los pegasos, pasamos por toda la bahia de cartagena, Hacemos una parada emblem\u00e1tica de 5min en El Fuerte de boca chica (no bajamos solo explicaci\u00f3n).,<br \/>\nEl recorrido para llegar a las islas del Rosario es de 45min aproximadamente, durante el viaje disfrutaremos de un bar abierto en bebidas con o sin licor, ( Cerveza, Tragos, agua embotellada, Gaseosa )., hasta llegar a la primera parada en isla grande donde se encuentra ubicada la avioneta de pablo escobar.<br \/>\nLa segunda parada es en una piscina natural en san martin de pajarales donde<br \/>\nrealizamos el snorkeling.<br \/>\nLa tercera parada es en la isla Coral ( en Islas del Rosario) all\u00ed disfrutaremos del almuerzo.<br \/>\nLa cuarta parada es la de cholon donde encontramos aqui muchos botes y yates con musica, y caba\u00f1as dentro del mar., all\u00ed tendremos una degustaci\u00f3n de camar\u00f3n.<br \/>\nLa quinta parada es en playa blanca baru donde esperamos la caida de la noche para realizar el plancton, que son algas que de dia se cargan de luz y en la noche producen luminosidad, esta ultima parada incluye un snack.<\/p>\n<p>Regreso 8:00pm en autobus. Para llegar a Cartagena 9:15pm aproximadamente.<\/p>\n","protected":false},"excerpt":{"rendered":"<p>&#8211; El recorrido comienza con salida 9:00am desde el muelle de los pegasos, pasamos por toda la bahia de cartagena, Hacemos una parada emblem\u00e1tica de 5min en El Fuerte de boca chica (no bajamos solo explicaci\u00f3n)., El recorrido para llegar a las islas del Rosario es de 45min aproximadamente, durante el viaje disfrutaremos de un [&hellip;]<\/p>\n","protected":false},"featured_media":241,"comment_status":"open","ping_status":"closed","template":"","meta":{"_acf_changed":false,"_monsterinsights_skip_tracking":false,"_monsterinsights_sitenote_active":false,"_monsterinsights_sitenote_note":"","_monsterinsights_sitenote_category":0,"_joinchat":[]},"product_brand":[],"product_cat":[25],"product_tag":[],"class_list":{"0":"post-114","1":"product","2":"type-product","3":"status-publish","4":"has-post-thumbnail","6":"product_cat-islas-del-rosario","8":"first","9":"instock","10":"virtual","11":"sold-individually","12":"purchasable","13":"product-type-booking"},"booking_location":"","booking_location_type":"","booking_duration":1,"booking_duration_unit":"day","booking_buffer":0,"booking_cost":0,"booking_resources":[],"acf":[],"yoast_head":"<!-- This site is optimized with the Yoast SEO plugin v27.4 - https:\/\/yoast.com\/product\/yoast-seo-wordpress\/ -->\n<title>5 Islas Full Day - cartourgenatravel.com<\/title>\n<meta name=\"robots\" content=\"index, follow, max-snippet:-1, max-image-preview:large, max-video-preview:-1\" \/>\n<link rel=\"canonical\" href=\"https:\/\/cartourgenatravel.com\/index.php\/product\/5-islas-full-day\/\" \/>\n<meta property=\"og:locale\" content=\"es_ES\" \/>\n<meta property=\"og:type\" content=\"article\" \/>\n<meta property=\"og:title\" content=\"5 Islas Full Day - cartourgenatravel.com\" \/>\n<meta property=\"og:description\" content=\"&#8211; El recorrido comienza con salida 9:00am desde el muelle de los pegasos, pasamos por toda la bahia de cartagena, Hacemos una parada emblem\u00e1tica de 5min en El Fuerte de boca chica (no bajamos solo explicaci\u00f3n)., El recorrido para llegar a las islas del Rosario es de 45min aproximadamente, durante el viaje disfrutaremos de un [&hellip;]\" \/>\n<meta property=\"og:url\" content=\"https:\/\/cartourgenatravel.com\/index.php\/product\/5-islas-full-day\/\" \/>\n<meta property=\"og:site_name\" content=\"cartourgenatravel.com\" \/>\n<meta property=\"article:modified_time\" content=\"2026-02-26T12:10:56+00:00\" \/>\n<meta property=\"og:image\" content=\"https:\/\/cartourgenatravel.com\/wp-content\/uploads\/2023\/05\/112DB992-FE83-49DE-A555-EC50D6F5FC71.jpeg\" \/>\n\t<meta property=\"og:image:width\" content=\"1500\" \/>\n\t<meta property=\"og:image:height\" content=\"1000\" \/>\n\t<meta property=\"og:image:type\" content=\"image\/jpeg\" \/>\n<meta name=\"twitter:card\" content=\"summary_large_image\" \/>\n<meta name=\"twitter:label1\" content=\"Tiempo de lectura\" \/>\n\t<meta name=\"twitter:data1\" content=\"1 minuto\" \/>\n<script type=\"application\/ld+json\" class=\"yoast-schema-graph\">{\"@context\":\"https:\\\/\\\/schema.org\",\"@graph\":[{\"@type\":\"WebPage\",\"@id\":\"https:\\\/\\\/cartourgenatravel.com\\\/index.php\\\/product\\\/5-islas-full-day\\\/\",\"url\":\"https:\\\/\\\/cartourgenatravel.com\\\/index.php\\\/product\\\/5-islas-full-day\\\/\",\"name\":\"5 Islas Full Day - cartourgenatravel.com\",\"isPartOf\":{\"@id\":\"https:\\\/\\\/cartourgenatravel.com\\\/#website\"},\"primaryImageOfPage\":{\"@id\":\"https:\\\/\\\/cartourgenatravel.com\\\/index.php\\\/product\\\/5-islas-full-day\\\/#primaryimage\"},\"image\":{\"@id\":\"https:\\\/\\\/cartourgenatravel.com\\\/index.php\\\/product\\\/5-islas-full-day\\\/#primaryimage\"},\"thumbnailUrl\":\"https:\\\/\\\/cartourgenatravel.com\\\/wp-content\\\/uploads\\\/2023\\\/05\\\/112DB992-FE83-49DE-A555-EC50D6F5FC71.jpeg\",\"datePublished\":\"2023-05-19T15:36:55+00:00\",\"dateModified\":\"2026-02-26T12:10:56+00:00\",\"breadcrumb\":{\"@id\":\"https:\\\/\\\/cartourgenatravel.com\\\/index.php\\\/product\\\/5-islas-full-day\\\/#breadcrumb\"},\"inLanguage\":\"es\",\"potentialAction\":[{\"@type\":\"ReadAction\",\"target\":[\"https:\\\/\\\/cartourgenatravel.com\\\/index.php\\\/product\\\/5-islas-full-day\\\/\"]}]},{\"@type\":\"ImageObject\",\"inLanguage\":\"es\",\"@id\":\"https:\\\/\\\/cartourgenatravel.com\\\/index.php\\\/product\\\/5-islas-full-day\\\/#primaryimage\",\"url\":\"https:\\\/\\\/cartourgenatravel.com\\\/wp-content\\\/uploads\\\/2023\\\/05\\\/112DB992-FE83-49DE-A555-EC50D6F5FC71.jpeg\",\"contentUrl\":\"https:\\\/\\\/cartourgenatravel.com\\\/wp-content\\\/uploads\\\/2023\\\/05\\\/112DB992-FE83-49DE-A555-EC50D6F5FC71.jpeg\",\"width\":1500,\"height\":1000},{\"@type\":\"BreadcrumbList\",\"@id\":\"https:\\\/\\\/cartourgenatravel.com\\\/index.php\\\/product\\\/5-islas-full-day\\\/#breadcrumb\",\"itemListElement\":[{\"@type\":\"ListItem\",\"position\":1,\"name\":\"Portada\",\"item\":\"https:\\\/\\\/cartourgenatravel.com\\\/\"},{\"@type\":\"ListItem\",\"position\":2,\"name\":\"Tours\",\"item\":\"https:\\\/\\\/cartourgenatravel.com\\\/index.php\\\/turismo-cultural-local\\\/tours\\\/\"},{\"@type\":\"ListItem\",\"position\":3,\"name\":\"5 Islas Full Day\"}]},{\"@type\":\"WebSite\",\"@id\":\"https:\\\/\\\/cartourgenatravel.com\\\/#website\",\"url\":\"https:\\\/\\\/cartourgenatravel.com\\\/\",\"name\":\"cartourgenatravel.com\",\"description\":\"Una agencia que potencia el turismo local\",\"publisher\":{\"@id\":\"https:\\\/\\\/cartourgenatravel.com\\\/#organization\"},\"potentialAction\":[{\"@type\":\"SearchAction\",\"target\":{\"@type\":\"EntryPoint\",\"urlTemplate\":\"https:\\\/\\\/cartourgenatravel.com\\\/?s={search_term_string}\"},\"query-input\":{\"@type\":\"PropertyValueSpecification\",\"valueRequired\":true,\"valueName\":\"search_term_string\"}}],\"inLanguage\":\"es\"},{\"@type\":\"Organization\",\"@id\":\"https:\\\/\\\/cartourgenatravel.com\\\/#organization\",\"name\":\"cartourgenatravel.com\",\"url\":\"https:\\\/\\\/cartourgenatravel.com\\\/\",\"logo\":{\"@type\":\"ImageObject\",\"inLanguage\":\"es\",\"@id\":\"https:\\\/\\\/cartourgenatravel.com\\\/#\\\/schema\\\/logo\\\/image\\\/\",\"url\":\"https:\\\/\\\/cartourgenatravel.com\\\/wp-content\\\/uploads\\\/2023\\\/05\\\/cartourstravel-logo-.webp\",\"contentUrl\":\"https:\\\/\\\/cartourgenatravel.com\\\/wp-content\\\/uploads\\\/2023\\\/05\\\/cartourstravel-logo-.webp\",\"width\":661,\"height\":482,\"caption\":\"cartourgenatravel.com\"},\"image\":{\"@id\":\"https:\\\/\\\/cartourgenatravel.com\\\/#\\\/schema\\\/logo\\\/image\\\/\"},\"sameAs\":[\"https:\\\/\\\/www.instagram.com\\\/cartourgena_travel\\\/\"]}]}<\/script>\n<!-- \/ Yoast SEO plugin. -->","yoast_head_json":{"title":"5 Islas Full Day - cartourgenatravel.com","robots":{"index":"index","follow":"follow","max-snippet":"max-snippet:-1","max-image-preview":"max-image-preview:large","max-video-preview":"max-video-preview:-1"},"canonical":"https:\/\/cartourgenatravel.com\/index.php\/product\/5-islas-full-day\/","og_locale":"es_ES","og_type":"article","og_title":"5 Islas Full Day - cartourgenatravel.com","og_description":"&#8211; El recorrido comienza con salida 9:00am desde el muelle de los pegasos, pasamos por toda la bahia de cartagena, Hacemos una parada emblem\u00e1tica de 5min en El Fuerte de boca chica (no bajamos solo explicaci\u00f3n)., El recorrido para llegar a las islas del Rosario es de 45min aproximadamente, durante el viaje disfrutaremos de un [&hellip;]","og_url":"https:\/\/cartourgenatravel.com\/index.php\/product\/5-islas-full-day\/","og_site_name":"cartourgenatravel.com","article_modified_time":"2026-02-26T12:10:56+00:00","og_image":[{"width":1500,"height":1000,"url":"https:\/\/cartourgenatravel.com\/wp-content\/uploads\/2023\/05\/112DB992-FE83-49DE-A555-EC50D6F5FC71.jpeg","type":"image\/jpeg"}],"twitter_card":"summary_large_image","twitter_misc":{"Tiempo de lectura":"1 minuto"},"schema":{"@context":"https:\/\/schema.org","@graph":[{"@type":"WebPage","@id":"https:\/\/cartourgenatravel.com\/index.php\/product\/5-islas-full-day\/","url":"https:\/\/cartourgenatravel.com\/index.php\/product\/5-islas-full-day\/","name":"5 Islas Full Day - cartourgenatravel.com","isPartOf":{"@id":"https:\/\/cartourgenatravel.com\/#website"},"primaryImageOfPage":{"@id":"https:\/\/cartourgenatravel.com\/index.php\/product\/5-islas-full-day\/#primaryimage"},"image":{"@id":"https:\/\/cartourgenatravel.com\/index.php\/product\/5-islas-full-day\/#primaryimage"},"thumbnailUrl":"https:\/\/cartourgenatravel.com\/wp-content\/uploads\/2023\/05\/112DB992-FE83-49DE-A555-EC50D6F5FC71.jpeg","datePublished":"2023-05-19T15:36:55+00:00","dateModified":"2026-02-26T12:10:56+00:00","breadcrumb":{"@id":"https:\/\/cartourgenatravel.com\/index.php\/product\/5-islas-full-day\/#breadcrumb"},"inLanguage":"es","potentialAction":[{"@type":"ReadAction","target":["https:\/\/cartourgenatravel.com\/index.php\/product\/5-islas-full-day\/"]}]},{"@type":"ImageObject","inLanguage":"es","@id":"https:\/\/cartourgenatravel.com\/index.php\/product\/5-islas-full-day\/#primaryimage","url":"https:\/\/cartourgenatravel.com\/wp-content\/uploads\/2023\/05\/112DB992-FE83-49DE-A555-EC50D6F5FC71.jpeg","contentUrl":"https:\/\/cartourgenatravel.com\/wp-content\/uploads\/2023\/05\/112DB992-FE83-49DE-A555-EC50D6F5FC71.jpeg","width":1500,"height":1000},{"@type":"BreadcrumbList","@id":"https:\/\/cartourgenatravel.com\/index.php\/product\/5-islas-full-day\/#breadcrumb","itemListElement":[{"@type":"ListItem","position":1,"name":"Portada","item":"https:\/\/cartourgenatravel.com\/"},{"@type":"ListItem","position":2,"name":"Tours","item":"https:\/\/cartourgenatravel.com\/index.php\/turismo-cultural-local\/tours\/"},{"@type":"ListItem","position":3,"name":"5 Islas Full Day"}]},{"@type":"WebSite","@id":"https:\/\/cartourgenatravel.com\/#website","url":"https:\/\/cartourgenatravel.com\/","name":"cartourgenatravel.com","description":"Una agencia que potencia el turismo local","publisher":{"@id":"https:\/\/cartourgenatravel.com\/#organization"},"potentialAction":[{"@type":"SearchAction","target":{"@type":"EntryPoint","urlTemplate":"https:\/\/cartourgenatravel.com\/?s={search_term_string}"},"query-input":{"@type":"PropertyValueSpecification","valueRequired":true,"valueName":"search_term_string"}}],"inLanguage":"es"},{"@type":"Organization","@id":"https:\/\/cartourgenatravel.com\/#organization","name":"cartourgenatravel.com","url":"https:\/\/cartourgenatravel.com\/","logo":{"@type":"ImageObject","inLanguage":"es","@id":"https:\/\/cartourgenatravel.com\/#\/schema\/logo\/image\/","url":"https:\/\/cartourgenatravel.com\/wp-content\/uploads\/2023\/05\/cartourstravel-logo-.webp","contentUrl":"https:\/\/cartourgenatravel.com\/wp-content\/uploads\/2023\/05\/cartourstravel-logo-.webp","width":661,"height":482,"caption":"cartourgenatravel.com"},"image":{"@id":"https:\/\/cartourgenatravel.com\/#\/schema\/logo\/image\/"},"sameAs":["https:\/\/www.instagram.com\/cartourgena_travel\/"]}]}},"_links":{"self":[{"href":"https:\/\/cartourgenatravel.com\/index.php\/wp-json\/wp\/v2\/product\/114","targetHints":{"allow":["GET"]}}],"collection":[{"href":"https:\/\/cartourgenatravel.com\/index.php\/wp-json\/wp\/v2\/product"}],"about":[{"href":"https:\/\/cartourgenatravel.com\/index.php\/wp-json\/wp\/v2\/types\/product"}],"replies":[{"embeddable":true,"href":"https:\/\/cartourgenatravel.com\/index.php\/wp-json\/wp\/v2\/comments?post=114"}],"version-history":[{"count":0,"href":"https:\/\/cartourgenatravel.com\/index.php\/wp-json\/wp\/v2\/product\/114\/revisions"}],"wp:featuredmedia":[{"embeddable":true,"href":"https:\/\/cartourgenatravel.com\/index.php\/wp-json\/wp\/v2\/media\/241"}],"wp:attachment":[{"href":"https:\/\/cartourgenatravel.com\/index.php\/wp-json\/wp\/v2\/media?parent=114"}],"wp:term":[{"taxonomy":"product_brand","embeddable":true,"href":"https:\/\/cartourgenatravel.com\/index.php\/wp-json\/wp\/v2\/product_brand?post=114"},{"taxonomy":"product_cat","embeddable":true,"href":"https:\/\/cartourgenatravel.com\/index.php\/wp-json\/wp\/v2\/product_cat?post=114"},{"taxonomy":"product_tag","embeddable":true,"href":"https:\/\/cartourgenatravel.com\/index.php\/wp-json\/wp\/v2\/product_tag?post=114"}],"curies":[{"name":"wp","href":"https:\/\/api.w.org\/{rel}","templated":true}]}}