{"id":1531,"date":"2023-06-08T13:38:48","date_gmt":"2023-06-08T18:38:48","guid":{"rendered":"https:\/\/cartourgenatravel.com\/?post_type=product&#038;p=1531"},"modified":"2026-02-24T18:37:52","modified_gmt":"2026-02-24T23:37:52","slug":"tour-mercado-bazurto-vacilao","status":"publish","type":"product","link":"https:\/\/cartourgenatravel.com\/index.php\/product\/tour-mercado-bazurto-vacilao\/","title":{"rendered":"\u00a1Tour mercado BAZURTO VACILAO!"},"content":{"rendered":"<p><span style=\"font-weight: 400;\">Descubre un lugar autentico, lleno de historia y cultura, mientras te deleitas comiendo las frutas y snack caribe\u00f1os y bailamos al ritmo de la champeta, con una cerveza bien fr\u00eda y haciendo compras con las tres B, bueno, bonito y barat\u00edsimo, \u00a1este tour es para ti! \u00bfsabias qu\u00e9? el famoso chef norteamericano ANTHONY BOURDAIN llego al propio mercado de bazurto a almorzar en el restaurante donde Cecilia, se cautiv\u00f3 por los sabores que identifican a Cartagena de indias, cuando termino de almorzar el llamo a ese lugar como \u201cla tierra prometida\u201d, reserva este tour y te acompa\u00f1aremos por ese camino, as\u00ed como lo hizo el chef y todo esto har\u00e1n de tu experiencia \u00fanica e inolvidable.<\/span><\/p>\n<p>&nbsp;<\/p>\n","protected":false},"excerpt":{"rendered":"<p>Descubre un lugar autentico, lleno de historia y cultura, mientras te deleitas comiendo las frutas y snack caribe\u00f1os y bailamos al ritmo de la champeta, con una cerveza bien fr\u00eda y haciendo compras con las tres B, bueno, bonito y barat\u00edsimo, \u00a1este tour es para ti! \u00bfsabias qu\u00e9? el famoso chef norteamericano ANTHONY BOURDAIN llego [&hellip;]<\/p>\n","protected":false},"featured_media":1542,"comment_status":"closed","ping_status":"closed","template":"","meta":{"_acf_changed":false,"_monsterinsights_skip_tracking":false,"_monsterinsights_sitenote_active":false,"_monsterinsights_sitenote_note":"","_monsterinsights_sitenote_category":0,"_joinchat":[]},"product_brand":[],"product_cat":[124],"product_tag":[147,148],"class_list":{"0":"post-1531","1":"product","2":"type-product","3":"status-publish","4":"has-post-thumbnail","6":"product_cat-tour-gastronomico","7":"product_tag-bazurto","8":"product_tag-mercado","10":"first","11":"instock","12":"featured","13":"virtual","14":"sold-individually","15":"purchasable","16":"product-type-booking"},"booking_location":"","booking_location_type":"","booking_duration":1,"booking_duration_unit":"day","booking_buffer":0,"booking_cost":0,"booking_resources":[],"acf":[],"yoast_head":"<!-- This site is optimized with the Yoast SEO plugin v27.4 - https:\/\/yoast.com\/product\/yoast-seo-wordpress\/ -->\n<title>\u00a1Tour mercado BAZURTO VACILAO! - cartourgenatravel.com<\/title>\n<meta name=\"robots\" content=\"index, follow, max-snippet:-1, max-image-preview:large, max-video-preview:-1\" \/>\n<link rel=\"canonical\" href=\"https:\/\/cartourgenatravel.com\/index.php\/product\/tour-mercado-bazurto-vacilao\/\" \/>\n<meta property=\"og:locale\" content=\"es_ES\" \/>\n<meta property=\"og:type\" content=\"article\" \/>\n<meta property=\"og:title\" content=\"\u00a1Tour mercado BAZURTO VACILAO! - cartourgenatravel.com\" \/>\n<meta property=\"og:description\" content=\"Descubre un lugar autentico, lleno de historia y cultura, mientras te deleitas comiendo las frutas y snack caribe\u00f1os y bailamos al ritmo de la champeta, con una cerveza bien fr\u00eda y haciendo compras con las tres B, bueno, bonito y barat\u00edsimo, \u00a1este tour es para ti! \u00bfsabias qu\u00e9? el famoso chef norteamericano ANTHONY BOURDAIN llego [&hellip;]\" \/>\n<meta property=\"og:url\" content=\"https:\/\/cartourgenatravel.com\/index.php\/product\/tour-mercado-bazurto-vacilao\/\" \/>\n<meta property=\"og:site_name\" content=\"cartourgenatravel.com\" \/>\n<meta property=\"article:modified_time\" content=\"2026-02-24T23:37:52+00:00\" \/>\n<meta property=\"og:image\" content=\"https:\/\/cartourgenatravel.com\/wp-content\/uploads\/2023\/06\/bazurto-5.webp\" \/>\n\t<meta property=\"og:image:width\" content=\"1125\" \/>\n\t<meta property=\"og:image:height\" content=\"1500\" \/>\n\t<meta property=\"og:image:type\" content=\"image\/webp\" \/>\n<meta name=\"twitter:card\" content=\"summary_large_image\" \/>\n<meta name=\"twitter:label1\" content=\"Tiempo de lectura\" \/>\n\t<meta name=\"twitter:data1\" content=\"1 minuto\" \/>\n<script type=\"application\/ld+json\" class=\"yoast-schema-graph\">{\"@context\":\"https:\\\/\\\/schema.org\",\"@graph\":[{\"@type\":\"WebPage\",\"@id\":\"https:\\\/\\\/cartourgenatravel.com\\\/index.php\\\/product\\\/tour-mercado-bazurto-vacilao\\\/\",\"url\":\"https:\\\/\\\/cartourgenatravel.com\\\/index.php\\\/product\\\/tour-mercado-bazurto-vacilao\\\/\",\"name\":\"\u00a1Tour mercado BAZURTO VACILAO! - cartourgenatravel.com\",\"isPartOf\":{\"@id\":\"https:\\\/\\\/cartourgenatravel.com\\\/#website\"},\"primaryImageOfPage\":{\"@id\":\"https:\\\/\\\/cartourgenatravel.com\\\/index.php\\\/product\\\/tour-mercado-bazurto-vacilao\\\/#primaryimage\"},\"image\":{\"@id\":\"https:\\\/\\\/cartourgenatravel.com\\\/index.php\\\/product\\\/tour-mercado-bazurto-vacilao\\\/#primaryimage\"},\"thumbnailUrl\":\"https:\\\/\\\/cartourgenatravel.com\\\/wp-content\\\/uploads\\\/2023\\\/06\\\/bazurto-5.webp\",\"datePublished\":\"2023-06-08T18:38:48+00:00\",\"dateModified\":\"2026-02-24T23:37:52+00:00\",\"breadcrumb\":{\"@id\":\"https:\\\/\\\/cartourgenatravel.com\\\/index.php\\\/product\\\/tour-mercado-bazurto-vacilao\\\/#breadcrumb\"},\"inLanguage\":\"es\",\"potentialAction\":[{\"@type\":\"ReadAction\",\"target\":[\"https:\\\/\\\/cartourgenatravel.com\\\/index.php\\\/product\\\/tour-mercado-bazurto-vacilao\\\/\"]}]},{\"@type\":\"ImageObject\",\"inLanguage\":\"es\",\"@id\":\"https:\\\/\\\/cartourgenatravel.com\\\/index.php\\\/product\\\/tour-mercado-bazurto-vacilao\\\/#primaryimage\",\"url\":\"https:\\\/\\\/cartourgenatravel.com\\\/wp-content\\\/uploads\\\/2023\\\/06\\\/bazurto-5.webp\",\"contentUrl\":\"https:\\\/\\\/cartourgenatravel.com\\\/wp-content\\\/uploads\\\/2023\\\/06\\\/bazurto-5.webp\",\"width\":1125,\"height\":1500},{\"@type\":\"BreadcrumbList\",\"@id\":\"https:\\\/\\\/cartourgenatravel.com\\\/index.php\\\/product\\\/tour-mercado-bazurto-vacilao\\\/#breadcrumb\",\"itemListElement\":[{\"@type\":\"ListItem\",\"position\":1,\"name\":\"Portada\",\"item\":\"https:\\\/\\\/cartourgenatravel.com\\\/\"},{\"@type\":\"ListItem\",\"position\":2,\"name\":\"Tours\",\"item\":\"https:\\\/\\\/cartourgenatravel.com\\\/index.php\\\/turismo-cultural-local\\\/tours\\\/\"},{\"@type\":\"ListItem\",\"position\":3,\"name\":\"\u00a1Tour mercado BAZURTO VACILAO!\"}]},{\"@type\":\"WebSite\",\"@id\":\"https:\\\/\\\/cartourgenatravel.com\\\/#website\",\"url\":\"https:\\\/\\\/cartourgenatravel.com\\\/\",\"name\":\"cartourgenatravel.com\",\"description\":\"Una agencia que potencia el turismo local\",\"publisher\":{\"@id\":\"https:\\\/\\\/cartourgenatravel.com\\\/#organization\"},\"potentialAction\":[{\"@type\":\"SearchAction\",\"target\":{\"@type\":\"EntryPoint\",\"urlTemplate\":\"https:\\\/\\\/cartourgenatravel.com\\\/?s={search_term_string}\"},\"query-input\":{\"@type\":\"PropertyValueSpecification\",\"valueRequired\":true,\"valueName\":\"search_term_string\"}}],\"inLanguage\":\"es\"},{\"@type\":\"Organization\",\"@id\":\"https:\\\/\\\/cartourgenatravel.com\\\/#organization\",\"name\":\"cartourgenatravel.com\",\"url\":\"https:\\\/\\\/cartourgenatravel.com\\\/\",\"logo\":{\"@type\":\"ImageObject\",\"inLanguage\":\"es\",\"@id\":\"https:\\\/\\\/cartourgenatravel.com\\\/#\\\/schema\\\/logo\\\/image\\\/\",\"url\":\"https:\\\/\\\/cartourgenatravel.com\\\/wp-content\\\/uploads\\\/2023\\\/05\\\/cartourstravel-logo-.webp\",\"contentUrl\":\"https:\\\/\\\/cartourgenatravel.com\\\/wp-content\\\/uploads\\\/2023\\\/05\\\/cartourstravel-logo-.webp\",\"width\":661,\"height\":482,\"caption\":\"cartourgenatravel.com\"},\"image\":{\"@id\":\"https:\\\/\\\/cartourgenatravel.com\\\/#\\\/schema\\\/logo\\\/image\\\/\"},\"sameAs\":[\"https:\\\/\\\/www.instagram.com\\\/cartourgena_travel\\\/\"]}]}<\/script>\n<!-- \/ Yoast SEO plugin. -->","yoast_head_json":{"title":"\u00a1Tour mercado BAZURTO VACILAO! - cartourgenatravel.com","robots":{"index":"index","follow":"follow","max-snippet":"max-snippet:-1","max-image-preview":"max-image-preview:large","max-video-preview":"max-video-preview:-1"},"canonical":"https:\/\/cartourgenatravel.com\/index.php\/product\/tour-mercado-bazurto-vacilao\/","og_locale":"es_ES","og_type":"article","og_title":"\u00a1Tour mercado BAZURTO VACILAO! - cartourgenatravel.com","og_description":"Descubre un lugar autentico, lleno de historia y cultura, mientras te deleitas comiendo las frutas y snack caribe\u00f1os y bailamos al ritmo de la champeta, con una cerveza bien fr\u00eda y haciendo compras con las tres B, bueno, bonito y barat\u00edsimo, \u00a1este tour es para ti! \u00bfsabias qu\u00e9? el famoso chef norteamericano ANTHONY BOURDAIN llego [&hellip;]","og_url":"https:\/\/cartourgenatravel.com\/index.php\/product\/tour-mercado-bazurto-vacilao\/","og_site_name":"cartourgenatravel.com","article_modified_time":"2026-02-24T23:37:52+00:00","og_image":[{"width":1125,"height":1500,"url":"https:\/\/cartourgenatravel.com\/wp-content\/uploads\/2023\/06\/bazurto-5.webp","type":"image\/webp"}],"twitter_card":"summary_large_image","twitter_misc":{"Tiempo de lectura":"1 minuto"},"schema":{"@context":"https:\/\/schema.org","@graph":[{"@type":"WebPage","@id":"https:\/\/cartourgenatravel.com\/index.php\/product\/tour-mercado-bazurto-vacilao\/","url":"https:\/\/cartourgenatravel.com\/index.php\/product\/tour-mercado-bazurto-vacilao\/","name":"\u00a1Tour mercado BAZURTO VACILAO! - cartourgenatravel.com","isPartOf":{"@id":"https:\/\/cartourgenatravel.com\/#website"},"primaryImageOfPage":{"@id":"https:\/\/cartourgenatravel.com\/index.php\/product\/tour-mercado-bazurto-vacilao\/#primaryimage"},"image":{"@id":"https:\/\/cartourgenatravel.com\/index.php\/product\/tour-mercado-bazurto-vacilao\/#primaryimage"},"thumbnailUrl":"https:\/\/cartourgenatravel.com\/wp-content\/uploads\/2023\/06\/bazurto-5.webp","datePublished":"2023-06-08T18:38:48+00:00","dateModified":"2026-02-24T23:37:52+00:00","breadcrumb":{"@id":"https:\/\/cartourgenatravel.com\/index.php\/product\/tour-mercado-bazurto-vacilao\/#breadcrumb"},"inLanguage":"es","potentialAction":[{"@type":"ReadAction","target":["https:\/\/cartourgenatravel.com\/index.php\/product\/tour-mercado-bazurto-vacilao\/"]}]},{"@type":"ImageObject","inLanguage":"es","@id":"https:\/\/cartourgenatravel.com\/index.php\/product\/tour-mercado-bazurto-vacilao\/#primaryimage","url":"https:\/\/cartourgenatravel.com\/wp-content\/uploads\/2023\/06\/bazurto-5.webp","contentUrl":"https:\/\/cartourgenatravel.com\/wp-content\/uploads\/2023\/06\/bazurto-5.webp","width":1125,"height":1500},{"@type":"BreadcrumbList","@id":"https:\/\/cartourgenatravel.com\/index.php\/product\/tour-mercado-bazurto-vacilao\/#breadcrumb","itemListElement":[{"@type":"ListItem","position":1,"name":"Portada","item":"https:\/\/cartourgenatravel.com\/"},{"@type":"ListItem","position":2,"name":"Tours","item":"https:\/\/cartourgenatravel.com\/index.php\/turismo-cultural-local\/tours\/"},{"@type":"ListItem","position":3,"name":"\u00a1Tour mercado BAZURTO VACILAO!"}]},{"@type":"WebSite","@id":"https:\/\/cartourgenatravel.com\/#website","url":"https:\/\/cartourgenatravel.com\/","name":"cartourgenatravel.com","description":"Una agencia que potencia el turismo local","publisher":{"@id":"https:\/\/cartourgenatravel.com\/#organization"},"potentialAction":[{"@type":"SearchAction","target":{"@type":"EntryPoint","urlTemplate":"https:\/\/cartourgenatravel.com\/?s={search_term_string}"},"query-input":{"@type":"PropertyValueSpecification","valueRequired":true,"valueName":"search_term_string"}}],"inLanguage":"es"},{"@type":"Organization","@id":"https:\/\/cartourgenatravel.com\/#organization","name":"cartourgenatravel.com","url":"https:\/\/cartourgenatravel.com\/","logo":{"@type":"ImageObject","inLanguage":"es","@id":"https:\/\/cartourgenatravel.com\/#\/schema\/logo\/image\/","url":"https:\/\/cartourgenatravel.com\/wp-content\/uploads\/2023\/05\/cartourstravel-logo-.webp","contentUrl":"https:\/\/cartourgenatravel.com\/wp-content\/uploads\/2023\/05\/cartourstravel-logo-.webp","width":661,"height":482,"caption":"cartourgenatravel.com"},"image":{"@id":"https:\/\/cartourgenatravel.com\/#\/schema\/logo\/image\/"},"sameAs":["https:\/\/www.instagram.com\/cartourgena_travel\/"]}]}},"_links":{"self":[{"href":"https:\/\/cartourgenatravel.com\/index.php\/wp-json\/wp\/v2\/product\/1531","targetHints":{"allow":["GET"]}}],"collection":[{"href":"https:\/\/cartourgenatravel.com\/index.php\/wp-json\/wp\/v2\/product"}],"about":[{"href":"https:\/\/cartourgenatravel.com\/index.php\/wp-json\/wp\/v2\/types\/product"}],"replies":[{"embeddable":true,"href":"https:\/\/cartourgenatravel.com\/index.php\/wp-json\/wp\/v2\/comments?post=1531"}],"version-history":[{"count":0,"href":"https:\/\/cartourgenatravel.com\/index.php\/wp-json\/wp\/v2\/product\/1531\/revisions"}],"wp:featuredmedia":[{"embeddable":true,"href":"https:\/\/cartourgenatravel.com\/index.php\/wp-json\/wp\/v2\/media\/1542"}],"wp:attachment":[{"href":"https:\/\/cartourgenatravel.com\/index.php\/wp-json\/wp\/v2\/media?parent=1531"}],"wp:term":[{"taxonomy":"product_brand","embeddable":true,"href":"https:\/\/cartourgenatravel.com\/index.php\/wp-json\/wp\/v2\/product_brand?post=1531"},{"taxonomy":"product_cat","embeddable":true,"href":"https:\/\/cartourgenatravel.com\/index.php\/wp-json\/wp\/v2\/product_cat?post=1531"},{"taxonomy":"product_tag","embeddable":true,"href":"https:\/\/cartourgenatravel.com\/index.php\/wp-json\/wp\/v2\/product_tag?post=1531"}],"curies":[{"name":"wp","href":"https:\/\/api.w.org\/{rel}","templated":true}]}}