{"id":1649,"date":"2023-06-11T20:05:39","date_gmt":"2023-06-12T01:05:39","guid":{"rendered":"https:\/\/cartourgenatravel.com\/?post_type=product&#038;p=1649"},"modified":"2026-02-24T12:39:54","modified_gmt":"2026-02-24T17:39:54","slug":"tour-grafitour-getsemani-completo","status":"publish","type":"product","link":"https:\/\/cartourgenatravel.com\/index.php\/product\/tour-grafitour-getsemani-completo\/","title":{"rendered":"TOUR GRAFITOUR GETSEMANI COMPLETO"},"content":{"rendered":"<p><b>GRAFITOUR GETSEMANI \u201cLA LEONA DE CARTAGENA\u201d<\/b><\/p>\n<p><span style=\"font-weight: 400;\">ENAMORATE MAS DE LA CIUDAD<\/span><\/p>\n<p><span style=\"font-weight: 400;\">Si quieres conocer de cerca el arte, la cultura, la historia, las tradiciones y la m\u00fasica t\u00edpica de Cartagena de Indias, este tour es para ti, es una caminata art\u00edstica, cultural y social guiada donde te mostraremos las vivencias, costumbres y tradiciones contadas por locales del barrio popular o tambi\u00e9n llamado \u201cel barrio de bravos leones\u201d y \u201cel arrabal\u201d, GETSEMANI.\u00a0<\/span><\/p>\n<p><span style=\"font-weight: 400;\">Jug\u00f3 un papel preponderante y definitivo en la historia de la ciudad, ya que se convierte en la cuna de la independencia de Cartagena de indias, despu\u00e9s pasa a ser un barrio estigmatizado por la sociedad por la violencia pero con un futuro resiliente hoy d\u00eda los getsemanisenses luchan por mantener su patrimonio vivo a trav\u00e9s de grafitis, murales, la m\u00fasica, las decoraciones en calles y el comercio.\u00a0<\/span><\/p>\n<p><span style=\"font-weight: 400;\">Resalta en este paseo, los animales que est\u00e1n en el parque de Getseman\u00ed y avistarlos como el oso perezoso y monos end\u00e9micos de nuestra regi\u00f3n, todo esto har\u00e1n de tu estad\u00eda una gran e inolvidable experiencia.<\/span><\/p>\n<p><span style=\"font-weight: 400;\">Conoce y revive la historia por medio de los lideres sociales, sus murales y coloridas calles con nuestras leyendas, an\u00e9cdotas y cuentos del ayer y hoy del barrio m\u00e1s antiguo y visitado en Cartagena de indias.<\/span><\/p>\n","protected":false},"excerpt":{"rendered":"<p>GRAFITOUR GETSEMANI \u201cLA LEONA DE CARTAGENA\u201d ENAMORATE MAS DE LA CIUDAD Si quieres conocer de cerca el arte, la cultura, la historia, las tradiciones y la m\u00fasica t\u00edpica de Cartagena de Indias, este tour es para ti, es una caminata art\u00edstica, cultural y social guiada donde te mostraremos las vivencias, costumbres y tradiciones contadas por [&hellip;]<\/p>\n","protected":false},"featured_media":2312,"comment_status":"closed","ping_status":"closed","template":"","meta":{"_acf_changed":false,"_monsterinsights_skip_tracking":false,"_monsterinsights_sitenote_active":false,"_monsterinsights_sitenote_note":"","_monsterinsights_sitenote_category":0,"_joinchat":[]},"product_brand":[],"product_cat":[59,125,111],"product_tag":[],"class_list":{"0":"post-1649","1":"product","2":"type-product","3":"status-publish","4":"has-post-thumbnail","6":"product_cat-cartagena","7":"product_cat-recorrido-semi-privado","8":"product_cat-tour-cultural-e-historico","10":"first","11":"instock","12":"virtual","13":"sold-individually","14":"purchasable","15":"product-type-booking"},"booking_location":"","booking_location_type":"","booking_duration":1,"booking_duration_unit":"day","booking_buffer":0,"booking_cost":0,"booking_resources":[],"acf":[],"yoast_head":"<!-- This site is optimized with the Yoast SEO plugin v27.3 - https:\/\/yoast.com\/product\/yoast-seo-wordpress\/ -->\n<title>TOUR GRAFITOUR GETSEMANI COMPLETO - cartourgenatravel.com<\/title>\n<meta name=\"robots\" content=\"index, follow, max-snippet:-1, max-image-preview:large, max-video-preview:-1\" \/>\n<link rel=\"canonical\" href=\"https:\/\/cartourgenatravel.com\/index.php\/product\/tour-grafitour-getsemani-completo\/\" \/>\n<meta property=\"og:locale\" content=\"es_ES\" \/>\n<meta property=\"og:type\" content=\"article\" \/>\n<meta property=\"og:title\" content=\"TOUR GRAFITOUR GETSEMANI COMPLETO - cartourgenatravel.com\" \/>\n<meta property=\"og:description\" content=\"GRAFITOUR GETSEMANI \u201cLA LEONA DE CARTAGENA\u201d ENAMORATE MAS DE LA CIUDAD Si quieres conocer de cerca el arte, la cultura, la historia, las tradiciones y la m\u00fasica t\u00edpica de Cartagena de Indias, este tour es para ti, es una caminata art\u00edstica, cultural y social guiada donde te mostraremos las vivencias, costumbres y tradiciones contadas por [&hellip;]\" \/>\n<meta property=\"og:url\" content=\"https:\/\/cartourgenatravel.com\/index.php\/product\/tour-grafitour-getsemani-completo\/\" \/>\n<meta property=\"og:site_name\" content=\"cartourgenatravel.com\" \/>\n<meta property=\"article:modified_time\" content=\"2026-02-24T17:39:54+00:00\" \/>\n<meta property=\"og:image\" content=\"https:\/\/cartourgenatravel.com\/wp-content\/uploads\/2023\/06\/Grafitti-4-scaled.webp\" \/>\n\t<meta property=\"og:image:width\" content=\"1920\" \/>\n\t<meta property=\"og:image:height\" content=\"2560\" \/>\n\t<meta property=\"og:image:type\" content=\"image\/webp\" \/>\n<meta name=\"twitter:card\" content=\"summary_large_image\" \/>\n<meta name=\"twitter:label1\" content=\"Tiempo de lectura\" \/>\n\t<meta name=\"twitter:data1\" content=\"2 minutos\" \/>\n<script type=\"application\/ld+json\" class=\"yoast-schema-graph\">{\"@context\":\"https:\\\/\\\/schema.org\",\"@graph\":[{\"@type\":\"WebPage\",\"@id\":\"https:\\\/\\\/cartourgenatravel.com\\\/index.php\\\/product\\\/tour-grafitour-getsemani-completo\\\/\",\"url\":\"https:\\\/\\\/cartourgenatravel.com\\\/index.php\\\/product\\\/tour-grafitour-getsemani-completo\\\/\",\"name\":\"TOUR GRAFITOUR GETSEMANI COMPLETO - cartourgenatravel.com\",\"isPartOf\":{\"@id\":\"https:\\\/\\\/cartourgenatravel.com\\\/#website\"},\"primaryImageOfPage\":{\"@id\":\"https:\\\/\\\/cartourgenatravel.com\\\/index.php\\\/product\\\/tour-grafitour-getsemani-completo\\\/#primaryimage\"},\"image\":{\"@id\":\"https:\\\/\\\/cartourgenatravel.com\\\/index.php\\\/product\\\/tour-grafitour-getsemani-completo\\\/#primaryimage\"},\"thumbnailUrl\":\"https:\\\/\\\/cartourgenatravel.com\\\/wp-content\\\/uploads\\\/2023\\\/06\\\/Grafitti-4-scaled.webp\",\"datePublished\":\"2023-06-12T01:05:39+00:00\",\"dateModified\":\"2026-02-24T17:39:54+00:00\",\"breadcrumb\":{\"@id\":\"https:\\\/\\\/cartourgenatravel.com\\\/index.php\\\/product\\\/tour-grafitour-getsemani-completo\\\/#breadcrumb\"},\"inLanguage\":\"es\",\"potentialAction\":[{\"@type\":\"ReadAction\",\"target\":[\"https:\\\/\\\/cartourgenatravel.com\\\/index.php\\\/product\\\/tour-grafitour-getsemani-completo\\\/\"]}]},{\"@type\":\"ImageObject\",\"inLanguage\":\"es\",\"@id\":\"https:\\\/\\\/cartourgenatravel.com\\\/index.php\\\/product\\\/tour-grafitour-getsemani-completo\\\/#primaryimage\",\"url\":\"https:\\\/\\\/cartourgenatravel.com\\\/wp-content\\\/uploads\\\/2023\\\/06\\\/Grafitti-4-scaled.webp\",\"contentUrl\":\"https:\\\/\\\/cartourgenatravel.com\\\/wp-content\\\/uploads\\\/2023\\\/06\\\/Grafitti-4-scaled.webp\",\"width\":1920,\"height\":2560},{\"@type\":\"BreadcrumbList\",\"@id\":\"https:\\\/\\\/cartourgenatravel.com\\\/index.php\\\/product\\\/tour-grafitour-getsemani-completo\\\/#breadcrumb\",\"itemListElement\":[{\"@type\":\"ListItem\",\"position\":1,\"name\":\"Portada\",\"item\":\"https:\\\/\\\/cartourgenatravel.com\\\/\"},{\"@type\":\"ListItem\",\"position\":2,\"name\":\"Tours\",\"item\":\"https:\\\/\\\/cartourgenatravel.com\\\/index.php\\\/turismo-cultural-local\\\/tours\\\/\"},{\"@type\":\"ListItem\",\"position\":3,\"name\":\"TOUR GRAFITOUR GETSEMANI COMPLETO\"}]},{\"@type\":\"WebSite\",\"@id\":\"https:\\\/\\\/cartourgenatravel.com\\\/#website\",\"url\":\"https:\\\/\\\/cartourgenatravel.com\\\/\",\"name\":\"cartourgenatravel.com\",\"description\":\"Una agencia que potencia el turismo local\",\"publisher\":{\"@id\":\"https:\\\/\\\/cartourgenatravel.com\\\/#organization\"},\"potentialAction\":[{\"@type\":\"SearchAction\",\"target\":{\"@type\":\"EntryPoint\",\"urlTemplate\":\"https:\\\/\\\/cartourgenatravel.com\\\/?s={search_term_string}\"},\"query-input\":{\"@type\":\"PropertyValueSpecification\",\"valueRequired\":true,\"valueName\":\"search_term_string\"}}],\"inLanguage\":\"es\"},{\"@type\":\"Organization\",\"@id\":\"https:\\\/\\\/cartourgenatravel.com\\\/#organization\",\"name\":\"cartourgenatravel.com\",\"url\":\"https:\\\/\\\/cartourgenatravel.com\\\/\",\"logo\":{\"@type\":\"ImageObject\",\"inLanguage\":\"es\",\"@id\":\"https:\\\/\\\/cartourgenatravel.com\\\/#\\\/schema\\\/logo\\\/image\\\/\",\"url\":\"https:\\\/\\\/cartourgenatravel.com\\\/wp-content\\\/uploads\\\/2023\\\/05\\\/cartourstravel-logo-.webp\",\"contentUrl\":\"https:\\\/\\\/cartourgenatravel.com\\\/wp-content\\\/uploads\\\/2023\\\/05\\\/cartourstravel-logo-.webp\",\"width\":661,\"height\":482,\"caption\":\"cartourgenatravel.com\"},\"image\":{\"@id\":\"https:\\\/\\\/cartourgenatravel.com\\\/#\\\/schema\\\/logo\\\/image\\\/\"},\"sameAs\":[\"https:\\\/\\\/www.instagram.com\\\/cartourgena_travel\\\/\"]}]}<\/script>\n<!-- \/ Yoast SEO plugin. -->","yoast_head_json":{"title":"TOUR GRAFITOUR GETSEMANI COMPLETO - cartourgenatravel.com","robots":{"index":"index","follow":"follow","max-snippet":"max-snippet:-1","max-image-preview":"max-image-preview:large","max-video-preview":"max-video-preview:-1"},"canonical":"https:\/\/cartourgenatravel.com\/index.php\/product\/tour-grafitour-getsemani-completo\/","og_locale":"es_ES","og_type":"article","og_title":"TOUR GRAFITOUR GETSEMANI COMPLETO - cartourgenatravel.com","og_description":"GRAFITOUR GETSEMANI \u201cLA LEONA DE CARTAGENA\u201d ENAMORATE MAS DE LA CIUDAD Si quieres conocer de cerca el arte, la cultura, la historia, las tradiciones y la m\u00fasica t\u00edpica de Cartagena de Indias, este tour es para ti, es una caminata art\u00edstica, cultural y social guiada donde te mostraremos las vivencias, costumbres y tradiciones contadas por [&hellip;]","og_url":"https:\/\/cartourgenatravel.com\/index.php\/product\/tour-grafitour-getsemani-completo\/","og_site_name":"cartourgenatravel.com","article_modified_time":"2026-02-24T17:39:54+00:00","og_image":[{"width":1920,"height":2560,"url":"https:\/\/cartourgenatravel.com\/wp-content\/uploads\/2023\/06\/Grafitti-4-scaled.webp","type":"image\/webp"}],"twitter_card":"summary_large_image","twitter_misc":{"Tiempo de lectura":"2 minutos"},"schema":{"@context":"https:\/\/schema.org","@graph":[{"@type":"WebPage","@id":"https:\/\/cartourgenatravel.com\/index.php\/product\/tour-grafitour-getsemani-completo\/","url":"https:\/\/cartourgenatravel.com\/index.php\/product\/tour-grafitour-getsemani-completo\/","name":"TOUR GRAFITOUR GETSEMANI COMPLETO - cartourgenatravel.com","isPartOf":{"@id":"https:\/\/cartourgenatravel.com\/#website"},"primaryImageOfPage":{"@id":"https:\/\/cartourgenatravel.com\/index.php\/product\/tour-grafitour-getsemani-completo\/#primaryimage"},"image":{"@id":"https:\/\/cartourgenatravel.com\/index.php\/product\/tour-grafitour-getsemani-completo\/#primaryimage"},"thumbnailUrl":"https:\/\/cartourgenatravel.com\/wp-content\/uploads\/2023\/06\/Grafitti-4-scaled.webp","datePublished":"2023-06-12T01:05:39+00:00","dateModified":"2026-02-24T17:39:54+00:00","breadcrumb":{"@id":"https:\/\/cartourgenatravel.com\/index.php\/product\/tour-grafitour-getsemani-completo\/#breadcrumb"},"inLanguage":"es","potentialAction":[{"@type":"ReadAction","target":["https:\/\/cartourgenatravel.com\/index.php\/product\/tour-grafitour-getsemani-completo\/"]}]},{"@type":"ImageObject","inLanguage":"es","@id":"https:\/\/cartourgenatravel.com\/index.php\/product\/tour-grafitour-getsemani-completo\/#primaryimage","url":"https:\/\/cartourgenatravel.com\/wp-content\/uploads\/2023\/06\/Grafitti-4-scaled.webp","contentUrl":"https:\/\/cartourgenatravel.com\/wp-content\/uploads\/2023\/06\/Grafitti-4-scaled.webp","width":1920,"height":2560},{"@type":"BreadcrumbList","@id":"https:\/\/cartourgenatravel.com\/index.php\/product\/tour-grafitour-getsemani-completo\/#breadcrumb","itemListElement":[{"@type":"ListItem","position":1,"name":"Portada","item":"https:\/\/cartourgenatravel.com\/"},{"@type":"ListItem","position":2,"name":"Tours","item":"https:\/\/cartourgenatravel.com\/index.php\/turismo-cultural-local\/tours\/"},{"@type":"ListItem","position":3,"name":"TOUR GRAFITOUR GETSEMANI COMPLETO"}]},{"@type":"WebSite","@id":"https:\/\/cartourgenatravel.com\/#website","url":"https:\/\/cartourgenatravel.com\/","name":"cartourgenatravel.com","description":"Una agencia que potencia el turismo local","publisher":{"@id":"https:\/\/cartourgenatravel.com\/#organization"},"potentialAction":[{"@type":"SearchAction","target":{"@type":"EntryPoint","urlTemplate":"https:\/\/cartourgenatravel.com\/?s={search_term_string}"},"query-input":{"@type":"PropertyValueSpecification","valueRequired":true,"valueName":"search_term_string"}}],"inLanguage":"es"},{"@type":"Organization","@id":"https:\/\/cartourgenatravel.com\/#organization","name":"cartourgenatravel.com","url":"https:\/\/cartourgenatravel.com\/","logo":{"@type":"ImageObject","inLanguage":"es","@id":"https:\/\/cartourgenatravel.com\/#\/schema\/logo\/image\/","url":"https:\/\/cartourgenatravel.com\/wp-content\/uploads\/2023\/05\/cartourstravel-logo-.webp","contentUrl":"https:\/\/cartourgenatravel.com\/wp-content\/uploads\/2023\/05\/cartourstravel-logo-.webp","width":661,"height":482,"caption":"cartourgenatravel.com"},"image":{"@id":"https:\/\/cartourgenatravel.com\/#\/schema\/logo\/image\/"},"sameAs":["https:\/\/www.instagram.com\/cartourgena_travel\/"]}]}},"_links":{"self":[{"href":"https:\/\/cartourgenatravel.com\/index.php\/wp-json\/wp\/v2\/product\/1649","targetHints":{"allow":["GET"]}}],"collection":[{"href":"https:\/\/cartourgenatravel.com\/index.php\/wp-json\/wp\/v2\/product"}],"about":[{"href":"https:\/\/cartourgenatravel.com\/index.php\/wp-json\/wp\/v2\/types\/product"}],"replies":[{"embeddable":true,"href":"https:\/\/cartourgenatravel.com\/index.php\/wp-json\/wp\/v2\/comments?post=1649"}],"version-history":[{"count":0,"href":"https:\/\/cartourgenatravel.com\/index.php\/wp-json\/wp\/v2\/product\/1649\/revisions"}],"wp:featuredmedia":[{"embeddable":true,"href":"https:\/\/cartourgenatravel.com\/index.php\/wp-json\/wp\/v2\/media\/2312"}],"wp:attachment":[{"href":"https:\/\/cartourgenatravel.com\/index.php\/wp-json\/wp\/v2\/media?parent=1649"}],"wp:term":[{"taxonomy":"product_brand","embeddable":true,"href":"https:\/\/cartourgenatravel.com\/index.php\/wp-json\/wp\/v2\/product_brand?post=1649"},{"taxonomy":"product_cat","embeddable":true,"href":"https:\/\/cartourgenatravel.com\/index.php\/wp-json\/wp\/v2\/product_cat?post=1649"},{"taxonomy":"product_tag","embeddable":true,"href":"https:\/\/cartourgenatravel.com\/index.php\/wp-json\/wp\/v2\/product_tag?post=1649"}],"curies":[{"name":"wp","href":"https:\/\/api.w.org\/{rel}","templated":true}]}}