{"id":1680,"date":"2023-06-11T19:49:19","date_gmt":"2023-06-12T00:49:19","guid":{"rendered":"https:\/\/cartourgenatravel.com\/?post_type=product&#038;p=1680"},"modified":"2026-02-24T16:34:10","modified_gmt":"2026-02-24T21:34:10","slug":"tour-de-la-champeta-y-salsa","status":"publish","type":"product","link":"https:\/\/cartourgenatravel.com\/index.php\/product\/tour-de-la-champeta-y-salsa\/","title":{"rendered":"CIRCUITO DE LA CHAMPETA \u201cPATRIMONIO DEL VACILE\u201d"},"content":{"rendered":"<p><span style=\"font-weight: 400;\">Ven y aprende a bailar los \u201cpases prohibidos\u201d como un cartagenero, conoce la historia que nos llev\u00f3 a ser ritmos globales, antes era estigmatizado por la sociedad, En los a\u00f1os veinte comenz\u00f3 utilizarse el t\u00e9rmino champetudo para referirse despectivamente a los pobladores de los barrios pobres de Cartagena y su periferia, mayoritariamente afrodescendientes, pero hoy d\u00eda la <\/span><span style=\"font-weight: 400;\">champeta<\/span><span style=\"font-weight: 400;\"> es un g\u00e9nero musical t\u00edpico de la costa caribe\u00f1a colombiana, surgido hace m\u00e1s de treinta a\u00f1os. Re\u00fane elementos del raggamuffin, la soca, el calipso, el bullerengue y otros ritmos afrocaribe\u00f1os, pero tambi\u00e9n del soukous y del j\u00f9j\u00fa africano y, en menor medida, de cadencias ind\u00edgenas, hoy en d\u00eda La Champeta es reconocida como Patrimonio Cultural Inmaterial de Colombia.<\/span><\/p>\n<p>&nbsp;<\/p>\n<p><span style=\"font-weight: 400;\">LA CHAMPETA se ha convertido en un ejemplo de representaci\u00f3n y revalorizaci\u00f3n cultural que van m\u00e1s all\u00e1 de la m\u00fasica.<\/span><\/p>\n<p>&nbsp;<\/p>\n","protected":false},"excerpt":{"rendered":"<p>Ven y aprende a bailar los \u201cpases prohibidos\u201d como un cartagenero, conoce la historia que nos llev\u00f3 a ser ritmos globales, antes era estigmatizado por la sociedad, En los a\u00f1os veinte comenz\u00f3 utilizarse el t\u00e9rmino champetudo para referirse despectivamente a los pobladores de los barrios pobres de Cartagena y su periferia, mayoritariamente afrodescendientes, pero hoy [&hellip;]<\/p>\n","protected":false},"featured_media":2242,"comment_status":"open","ping_status":"closed","template":"","meta":{"_acf_changed":false,"_monsterinsights_skip_tracking":false,"_monsterinsights_sitenote_active":false,"_monsterinsights_sitenote_note":"","_monsterinsights_sitenote_category":0,"_joinchat":[]},"product_brand":[],"product_cat":[59,125,111],"product_tag":[145,143,146,144],"class_list":{"0":"post-1680","1":"product","2":"type-product","3":"status-publish","4":"has-post-thumbnail","6":"product_cat-cartagena","7":"product_cat-recorrido-semi-privado","8":"product_cat-tour-cultural-e-historico","9":"product_tag-baile","10":"product_tag-champeta","11":"product_tag-rumba","12":"product_tag-salsa","14":"first","15":"instock","16":"virtual","17":"sold-individually","18":"purchasable","19":"product-type-booking"},"booking_location":"","booking_location_type":"","booking_duration":1,"booking_duration_unit":"day","booking_buffer":0,"booking_cost":0,"booking_resources":[],"acf":[],"yoast_head":"<!-- This site is optimized with the Yoast SEO plugin v27.4 - https:\/\/yoast.com\/product\/yoast-seo-wordpress\/ -->\n<title>CIRCUITO DE LA CHAMPETA \u201cPATRIMONIO DEL VACILE\u201d - cartourgenatravel.com<\/title>\n<meta name=\"robots\" content=\"index, follow, max-snippet:-1, max-image-preview:large, max-video-preview:-1\" \/>\n<link rel=\"canonical\" href=\"https:\/\/cartourgenatravel.com\/index.php\/product\/tour-de-la-champeta-y-salsa\/\" \/>\n<meta property=\"og:locale\" content=\"es_ES\" \/>\n<meta property=\"og:type\" content=\"article\" \/>\n<meta property=\"og:title\" content=\"CIRCUITO DE LA CHAMPETA \u201cPATRIMONIO DEL VACILE\u201d - cartourgenatravel.com\" \/>\n<meta property=\"og:description\" content=\"Ven y aprende a bailar los \u201cpases prohibidos\u201d como un cartagenero, conoce la historia que nos llev\u00f3 a ser ritmos globales, antes era estigmatizado por la sociedad, En los a\u00f1os veinte comenz\u00f3 utilizarse el t\u00e9rmino champetudo para referirse despectivamente a los pobladores de los barrios pobres de Cartagena y su periferia, mayoritariamente afrodescendientes, pero hoy [&hellip;]\" \/>\n<meta property=\"og:url\" content=\"https:\/\/cartourgenatravel.com\/index.php\/product\/tour-de-la-champeta-y-salsa\/\" \/>\n<meta property=\"og:site_name\" content=\"cartourgenatravel.com\" \/>\n<meta property=\"article:modified_time\" content=\"2026-02-24T21:34:10+00:00\" \/>\n<meta property=\"og:image\" content=\"https:\/\/cartourgenatravel.com\/wp-content\/uploads\/2023\/06\/Champeta-1.jpg\" \/>\n\t<meta property=\"og:image:width\" content=\"750\" \/>\n\t<meta property=\"og:image:height\" content=\"1000\" \/>\n\t<meta property=\"og:image:type\" content=\"image\/jpeg\" \/>\n<meta name=\"twitter:card\" content=\"summary_large_image\" \/>\n<meta name=\"twitter:label1\" content=\"Tiempo de lectura\" \/>\n\t<meta name=\"twitter:data1\" content=\"1 minuto\" \/>\n<script type=\"application\/ld+json\" class=\"yoast-schema-graph\">{\"@context\":\"https:\\\/\\\/schema.org\",\"@graph\":[{\"@type\":\"WebPage\",\"@id\":\"https:\\\/\\\/cartourgenatravel.com\\\/index.php\\\/product\\\/tour-de-la-champeta-y-salsa\\\/\",\"url\":\"https:\\\/\\\/cartourgenatravel.com\\\/index.php\\\/product\\\/tour-de-la-champeta-y-salsa\\\/\",\"name\":\"CIRCUITO DE LA CHAMPETA \u201cPATRIMONIO DEL VACILE\u201d - cartourgenatravel.com\",\"isPartOf\":{\"@id\":\"https:\\\/\\\/cartourgenatravel.com\\\/#website\"},\"primaryImageOfPage\":{\"@id\":\"https:\\\/\\\/cartourgenatravel.com\\\/index.php\\\/product\\\/tour-de-la-champeta-y-salsa\\\/#primaryimage\"},\"image\":{\"@id\":\"https:\\\/\\\/cartourgenatravel.com\\\/index.php\\\/product\\\/tour-de-la-champeta-y-salsa\\\/#primaryimage\"},\"thumbnailUrl\":\"https:\\\/\\\/cartourgenatravel.com\\\/wp-content\\\/uploads\\\/2023\\\/06\\\/Champeta-1.jpg\",\"datePublished\":\"2023-06-12T00:49:19+00:00\",\"dateModified\":\"2026-02-24T21:34:10+00:00\",\"breadcrumb\":{\"@id\":\"https:\\\/\\\/cartourgenatravel.com\\\/index.php\\\/product\\\/tour-de-la-champeta-y-salsa\\\/#breadcrumb\"},\"inLanguage\":\"es\",\"potentialAction\":[{\"@type\":\"ReadAction\",\"target\":[\"https:\\\/\\\/cartourgenatravel.com\\\/index.php\\\/product\\\/tour-de-la-champeta-y-salsa\\\/\"]}]},{\"@type\":\"ImageObject\",\"inLanguage\":\"es\",\"@id\":\"https:\\\/\\\/cartourgenatravel.com\\\/index.php\\\/product\\\/tour-de-la-champeta-y-salsa\\\/#primaryimage\",\"url\":\"https:\\\/\\\/cartourgenatravel.com\\\/wp-content\\\/uploads\\\/2023\\\/06\\\/Champeta-1.jpg\",\"contentUrl\":\"https:\\\/\\\/cartourgenatravel.com\\\/wp-content\\\/uploads\\\/2023\\\/06\\\/Champeta-1.jpg\",\"width\":750,\"height\":1000},{\"@type\":\"BreadcrumbList\",\"@id\":\"https:\\\/\\\/cartourgenatravel.com\\\/index.php\\\/product\\\/tour-de-la-champeta-y-salsa\\\/#breadcrumb\",\"itemListElement\":[{\"@type\":\"ListItem\",\"position\":1,\"name\":\"Portada\",\"item\":\"https:\\\/\\\/cartourgenatravel.com\\\/\"},{\"@type\":\"ListItem\",\"position\":2,\"name\":\"Tours\",\"item\":\"https:\\\/\\\/cartourgenatravel.com\\\/index.php\\\/turismo-cultural-local\\\/tours\\\/\"},{\"@type\":\"ListItem\",\"position\":3,\"name\":\"CIRCUITO DE LA CHAMPETA \u201cPATRIMONIO DEL VACILE\u201d\"}]},{\"@type\":\"WebSite\",\"@id\":\"https:\\\/\\\/cartourgenatravel.com\\\/#website\",\"url\":\"https:\\\/\\\/cartourgenatravel.com\\\/\",\"name\":\"cartourgenatravel.com\",\"description\":\"Una agencia que potencia el turismo local\",\"publisher\":{\"@id\":\"https:\\\/\\\/cartourgenatravel.com\\\/#organization\"},\"potentialAction\":[{\"@type\":\"SearchAction\",\"target\":{\"@type\":\"EntryPoint\",\"urlTemplate\":\"https:\\\/\\\/cartourgenatravel.com\\\/?s={search_term_string}\"},\"query-input\":{\"@type\":\"PropertyValueSpecification\",\"valueRequired\":true,\"valueName\":\"search_term_string\"}}],\"inLanguage\":\"es\"},{\"@type\":\"Organization\",\"@id\":\"https:\\\/\\\/cartourgenatravel.com\\\/#organization\",\"name\":\"cartourgenatravel.com\",\"url\":\"https:\\\/\\\/cartourgenatravel.com\\\/\",\"logo\":{\"@type\":\"ImageObject\",\"inLanguage\":\"es\",\"@id\":\"https:\\\/\\\/cartourgenatravel.com\\\/#\\\/schema\\\/logo\\\/image\\\/\",\"url\":\"https:\\\/\\\/cartourgenatravel.com\\\/wp-content\\\/uploads\\\/2023\\\/05\\\/cartourstravel-logo-.webp\",\"contentUrl\":\"https:\\\/\\\/cartourgenatravel.com\\\/wp-content\\\/uploads\\\/2023\\\/05\\\/cartourstravel-logo-.webp\",\"width\":661,\"height\":482,\"caption\":\"cartourgenatravel.com\"},\"image\":{\"@id\":\"https:\\\/\\\/cartourgenatravel.com\\\/#\\\/schema\\\/logo\\\/image\\\/\"},\"sameAs\":[\"https:\\\/\\\/www.instagram.com\\\/cartourgena_travel\\\/\"]}]}<\/script>\n<!-- \/ Yoast SEO plugin. -->","yoast_head_json":{"title":"CIRCUITO DE LA CHAMPETA \u201cPATRIMONIO DEL VACILE\u201d - cartourgenatravel.com","robots":{"index":"index","follow":"follow","max-snippet":"max-snippet:-1","max-image-preview":"max-image-preview:large","max-video-preview":"max-video-preview:-1"},"canonical":"https:\/\/cartourgenatravel.com\/index.php\/product\/tour-de-la-champeta-y-salsa\/","og_locale":"es_ES","og_type":"article","og_title":"CIRCUITO DE LA CHAMPETA \u201cPATRIMONIO DEL VACILE\u201d - cartourgenatravel.com","og_description":"Ven y aprende a bailar los \u201cpases prohibidos\u201d como un cartagenero, conoce la historia que nos llev\u00f3 a ser ritmos globales, antes era estigmatizado por la sociedad, En los a\u00f1os veinte comenz\u00f3 utilizarse el t\u00e9rmino champetudo para referirse despectivamente a los pobladores de los barrios pobres de Cartagena y su periferia, mayoritariamente afrodescendientes, pero hoy [&hellip;]","og_url":"https:\/\/cartourgenatravel.com\/index.php\/product\/tour-de-la-champeta-y-salsa\/","og_site_name":"cartourgenatravel.com","article_modified_time":"2026-02-24T21:34:10+00:00","og_image":[{"width":750,"height":1000,"url":"https:\/\/cartourgenatravel.com\/wp-content\/uploads\/2023\/06\/Champeta-1.jpg","type":"image\/jpeg"}],"twitter_card":"summary_large_image","twitter_misc":{"Tiempo de lectura":"1 minuto"},"schema":{"@context":"https:\/\/schema.org","@graph":[{"@type":"WebPage","@id":"https:\/\/cartourgenatravel.com\/index.php\/product\/tour-de-la-champeta-y-salsa\/","url":"https:\/\/cartourgenatravel.com\/index.php\/product\/tour-de-la-champeta-y-salsa\/","name":"CIRCUITO DE LA CHAMPETA \u201cPATRIMONIO DEL VACILE\u201d - cartourgenatravel.com","isPartOf":{"@id":"https:\/\/cartourgenatravel.com\/#website"},"primaryImageOfPage":{"@id":"https:\/\/cartourgenatravel.com\/index.php\/product\/tour-de-la-champeta-y-salsa\/#primaryimage"},"image":{"@id":"https:\/\/cartourgenatravel.com\/index.php\/product\/tour-de-la-champeta-y-salsa\/#primaryimage"},"thumbnailUrl":"https:\/\/cartourgenatravel.com\/wp-content\/uploads\/2023\/06\/Champeta-1.jpg","datePublished":"2023-06-12T00:49:19+00:00","dateModified":"2026-02-24T21:34:10+00:00","breadcrumb":{"@id":"https:\/\/cartourgenatravel.com\/index.php\/product\/tour-de-la-champeta-y-salsa\/#breadcrumb"},"inLanguage":"es","potentialAction":[{"@type":"ReadAction","target":["https:\/\/cartourgenatravel.com\/index.php\/product\/tour-de-la-champeta-y-salsa\/"]}]},{"@type":"ImageObject","inLanguage":"es","@id":"https:\/\/cartourgenatravel.com\/index.php\/product\/tour-de-la-champeta-y-salsa\/#primaryimage","url":"https:\/\/cartourgenatravel.com\/wp-content\/uploads\/2023\/06\/Champeta-1.jpg","contentUrl":"https:\/\/cartourgenatravel.com\/wp-content\/uploads\/2023\/06\/Champeta-1.jpg","width":750,"height":1000},{"@type":"BreadcrumbList","@id":"https:\/\/cartourgenatravel.com\/index.php\/product\/tour-de-la-champeta-y-salsa\/#breadcrumb","itemListElement":[{"@type":"ListItem","position":1,"name":"Portada","item":"https:\/\/cartourgenatravel.com\/"},{"@type":"ListItem","position":2,"name":"Tours","item":"https:\/\/cartourgenatravel.com\/index.php\/turismo-cultural-local\/tours\/"},{"@type":"ListItem","position":3,"name":"CIRCUITO DE LA CHAMPETA \u201cPATRIMONIO DEL VACILE\u201d"}]},{"@type":"WebSite","@id":"https:\/\/cartourgenatravel.com\/#website","url":"https:\/\/cartourgenatravel.com\/","name":"cartourgenatravel.com","description":"Una agencia que potencia el turismo local","publisher":{"@id":"https:\/\/cartourgenatravel.com\/#organization"},"potentialAction":[{"@type":"SearchAction","target":{"@type":"EntryPoint","urlTemplate":"https:\/\/cartourgenatravel.com\/?s={search_term_string}"},"query-input":{"@type":"PropertyValueSpecification","valueRequired":true,"valueName":"search_term_string"}}],"inLanguage":"es"},{"@type":"Organization","@id":"https:\/\/cartourgenatravel.com\/#organization","name":"cartourgenatravel.com","url":"https:\/\/cartourgenatravel.com\/","logo":{"@type":"ImageObject","inLanguage":"es","@id":"https:\/\/cartourgenatravel.com\/#\/schema\/logo\/image\/","url":"https:\/\/cartourgenatravel.com\/wp-content\/uploads\/2023\/05\/cartourstravel-logo-.webp","contentUrl":"https:\/\/cartourgenatravel.com\/wp-content\/uploads\/2023\/05\/cartourstravel-logo-.webp","width":661,"height":482,"caption":"cartourgenatravel.com"},"image":{"@id":"https:\/\/cartourgenatravel.com\/#\/schema\/logo\/image\/"},"sameAs":["https:\/\/www.instagram.com\/cartourgena_travel\/"]}]}},"_links":{"self":[{"href":"https:\/\/cartourgenatravel.com\/index.php\/wp-json\/wp\/v2\/product\/1680","targetHints":{"allow":["GET"]}}],"collection":[{"href":"https:\/\/cartourgenatravel.com\/index.php\/wp-json\/wp\/v2\/product"}],"about":[{"href":"https:\/\/cartourgenatravel.com\/index.php\/wp-json\/wp\/v2\/types\/product"}],"replies":[{"embeddable":true,"href":"https:\/\/cartourgenatravel.com\/index.php\/wp-json\/wp\/v2\/comments?post=1680"}],"version-history":[{"count":0,"href":"https:\/\/cartourgenatravel.com\/index.php\/wp-json\/wp\/v2\/product\/1680\/revisions"}],"wp:featuredmedia":[{"embeddable":true,"href":"https:\/\/cartourgenatravel.com\/index.php\/wp-json\/wp\/v2\/media\/2242"}],"wp:attachment":[{"href":"https:\/\/cartourgenatravel.com\/index.php\/wp-json\/wp\/v2\/media?parent=1680"}],"wp:term":[{"taxonomy":"product_brand","embeddable":true,"href":"https:\/\/cartourgenatravel.com\/index.php\/wp-json\/wp\/v2\/product_brand?post=1680"},{"taxonomy":"product_cat","embeddable":true,"href":"https:\/\/cartourgenatravel.com\/index.php\/wp-json\/wp\/v2\/product_cat?post=1680"},{"taxonomy":"product_tag","embeddable":true,"href":"https:\/\/cartourgenatravel.com\/index.php\/wp-json\/wp\/v2\/product_tag?post=1680"}],"curies":[{"name":"wp","href":"https:\/\/api.w.org\/{rel}","templated":true}]}}