{"id":2035,"date":"2025-02-25T16:50:33","date_gmt":"2025-02-25T21:50:33","guid":{"rendered":"https:\/\/cartourgenatravel.com\/?post_type=product&#038;p=2035"},"modified":"2026-02-24T16:22:14","modified_gmt":"2026-02-24T21:22:14","slug":"vamos-pal-barrio-turismo-comunitario","status":"publish","type":"product","link":"https:\/\/cartourgenatravel.com\/index.php\/product\/vamos-pal-barrio-turismo-comunitario\/","title":{"rendered":"\u201cVAMOS PA\u2019L BARRIO\u201d Turismo comunitario"},"content":{"rendered":"<p><span style=\"font-weight: 400;\">Si quieres apoyar a las comunidades afro e ind\u00edgenas de barrios populares e interactuar en su entorno local, probar la sabrosura en su gastronom\u00eda, conocer la historia a trav\u00e9s de los vecinos, bailar al son de la champeta y salsa y conocer lugares emblem\u00e1ticos fuera de las murallas para unas buenas fotos \u201cpara el vacile\u201d, \u00a1est\u00e1s en el lugar indicado! Descubre en Cartagena de indias la historia y cultura de los barrios, y como a trav\u00e9s del tiempo las comunidades logran sobresalir con sus saberes y sabores ancestrales a posicionarse como la ciudad de las oportunidades.<\/span><\/p>\n<p>&nbsp;<\/p>\n<p><span style=\"font-weight: 400;\">Y es que estos barrios, constituidos a finales del siglo XIX en la Cartagena de Indias que hoy se vende como destino tur\u00edstico en las mejores revistas del mundo, guardan no solo una historia, sino una serie de tradiciones, costumbres y creencias que luchan por mantenerse a flote.<\/span><\/p>\n","protected":false},"excerpt":{"rendered":"<p>Si quieres apoyar a las comunidades afro e ind\u00edgenas de barrios populares e interactuar en su entorno local, probar la sabrosura en su gastronom\u00eda, conocer la historia a trav\u00e9s de los vecinos, bailar al son de la champeta y salsa y conocer lugares emblem\u00e1ticos fuera de las murallas para unas buenas fotos \u201cpara el vacile\u201d, [&hellip;]<\/p>\n","protected":false},"featured_media":2039,"comment_status":"closed","ping_status":"closed","template":"","meta":{"_acf_changed":false,"_monsterinsights_skip_tracking":false,"_monsterinsights_sitenote_active":false,"_monsterinsights_sitenote_note":"","_monsterinsights_sitenote_category":0,"_joinchat":[]},"product_brand":[153],"product_cat":[59,125,111,124],"product_tag":[133,132,130,131,134],"class_list":{"0":"post-2035","1":"product","2":"type-product","3":"status-publish","4":"has-post-thumbnail","6":"product_brand-cartourgena","7":"product_cat-cartagena","8":"product_cat-recorrido-semi-privado","9":"product_cat-tour-cultural-e-historico","10":"product_cat-tour-gastronomico","11":"product_tag-barrios","12":"product_tag-barrios-de-cartagena","13":"product_tag-comunidad","14":"product_tag-turismo-comunitario","15":"product_tag-urbano","17":"first","18":"instock","19":"virtual","20":"sold-individually","21":"purchasable","22":"product-type-booking"},"booking_location":"","booking_location_type":"","booking_duration":1,"booking_duration_unit":"day","booking_buffer":0,"booking_cost":0,"booking_resources":[],"acf":[],"yoast_head":"<!-- This site is optimized with the Yoast SEO plugin v27.4 - https:\/\/yoast.com\/product\/yoast-seo-wordpress\/ -->\n<title>\u201cVAMOS PA\u2019L BARRIO\u201d Turismo comunitario - cartourgenatravel.com<\/title>\n<meta name=\"robots\" content=\"index, follow, max-snippet:-1, max-image-preview:large, max-video-preview:-1\" \/>\n<link rel=\"canonical\" href=\"https:\/\/cartourgenatravel.com\/index.php\/product\/vamos-pal-barrio-turismo-comunitario\/\" \/>\n<meta property=\"og:locale\" content=\"es_ES\" \/>\n<meta property=\"og:type\" content=\"article\" \/>\n<meta property=\"og:title\" content=\"\u201cVAMOS PA\u2019L BARRIO\u201d Turismo comunitario - cartourgenatravel.com\" \/>\n<meta property=\"og:description\" content=\"Si quieres apoyar a las comunidades afro e ind\u00edgenas de barrios populares e interactuar en su entorno local, probar la sabrosura en su gastronom\u00eda, conocer la historia a trav\u00e9s de los vecinos, bailar al son de la champeta y salsa y conocer lugares emblem\u00e1ticos fuera de las murallas para unas buenas fotos \u201cpara el vacile\u201d, [&hellip;]\" \/>\n<meta property=\"og:url\" content=\"https:\/\/cartourgenatravel.com\/index.php\/product\/vamos-pal-barrio-turismo-comunitario\/\" \/>\n<meta property=\"og:site_name\" content=\"cartourgenatravel.com\" \/>\n<meta property=\"article:modified_time\" content=\"2026-02-24T21:22:14+00:00\" \/>\n<meta property=\"og:image\" content=\"https:\/\/cartourgenatravel.com\/wp-content\/uploads\/2025\/02\/barrio-1.webp\" \/>\n\t<meta property=\"og:image:width\" content=\"750\" \/>\n\t<meta property=\"og:image:height\" content=\"1000\" \/>\n\t<meta property=\"og:image:type\" content=\"image\/webp\" \/>\n<meta name=\"twitter:card\" content=\"summary_large_image\" \/>\n<meta name=\"twitter:label1\" content=\"Tiempo de lectura\" \/>\n\t<meta name=\"twitter:data1\" content=\"1 minuto\" \/>\n<script type=\"application\/ld+json\" class=\"yoast-schema-graph\">{\"@context\":\"https:\\\/\\\/schema.org\",\"@graph\":[{\"@type\":\"WebPage\",\"@id\":\"https:\\\/\\\/cartourgenatravel.com\\\/index.php\\\/product\\\/vamos-pal-barrio-turismo-comunitario\\\/\",\"url\":\"https:\\\/\\\/cartourgenatravel.com\\\/index.php\\\/product\\\/vamos-pal-barrio-turismo-comunitario\\\/\",\"name\":\"\u201cVAMOS PA\u2019L BARRIO\u201d Turismo comunitario - cartourgenatravel.com\",\"isPartOf\":{\"@id\":\"https:\\\/\\\/cartourgenatravel.com\\\/#website\"},\"primaryImageOfPage\":{\"@id\":\"https:\\\/\\\/cartourgenatravel.com\\\/index.php\\\/product\\\/vamos-pal-barrio-turismo-comunitario\\\/#primaryimage\"},\"image\":{\"@id\":\"https:\\\/\\\/cartourgenatravel.com\\\/index.php\\\/product\\\/vamos-pal-barrio-turismo-comunitario\\\/#primaryimage\"},\"thumbnailUrl\":\"https:\\\/\\\/cartourgenatravel.com\\\/wp-content\\\/uploads\\\/2025\\\/02\\\/barrio-1.webp\",\"datePublished\":\"2025-02-25T21:50:33+00:00\",\"dateModified\":\"2026-02-24T21:22:14+00:00\",\"breadcrumb\":{\"@id\":\"https:\\\/\\\/cartourgenatravel.com\\\/index.php\\\/product\\\/vamos-pal-barrio-turismo-comunitario\\\/#breadcrumb\"},\"inLanguage\":\"es\",\"potentialAction\":[{\"@type\":\"ReadAction\",\"target\":[\"https:\\\/\\\/cartourgenatravel.com\\\/index.php\\\/product\\\/vamos-pal-barrio-turismo-comunitario\\\/\"]}]},{\"@type\":\"ImageObject\",\"inLanguage\":\"es\",\"@id\":\"https:\\\/\\\/cartourgenatravel.com\\\/index.php\\\/product\\\/vamos-pal-barrio-turismo-comunitario\\\/#primaryimage\",\"url\":\"https:\\\/\\\/cartourgenatravel.com\\\/wp-content\\\/uploads\\\/2025\\\/02\\\/barrio-1.webp\",\"contentUrl\":\"https:\\\/\\\/cartourgenatravel.com\\\/wp-content\\\/uploads\\\/2025\\\/02\\\/barrio-1.webp\",\"width\":750,\"height\":1000},{\"@type\":\"BreadcrumbList\",\"@id\":\"https:\\\/\\\/cartourgenatravel.com\\\/index.php\\\/product\\\/vamos-pal-barrio-turismo-comunitario\\\/#breadcrumb\",\"itemListElement\":[{\"@type\":\"ListItem\",\"position\":1,\"name\":\"Portada\",\"item\":\"https:\\\/\\\/cartourgenatravel.com\\\/\"},{\"@type\":\"ListItem\",\"position\":2,\"name\":\"Tours\",\"item\":\"https:\\\/\\\/cartourgenatravel.com\\\/index.php\\\/turismo-cultural-local\\\/tours\\\/\"},{\"@type\":\"ListItem\",\"position\":3,\"name\":\"\u201cVAMOS PA\u2019L BARRIO\u201d Turismo comunitario\"}]},{\"@type\":\"WebSite\",\"@id\":\"https:\\\/\\\/cartourgenatravel.com\\\/#website\",\"url\":\"https:\\\/\\\/cartourgenatravel.com\\\/\",\"name\":\"cartourgenatravel.com\",\"description\":\"Una agencia que potencia el turismo local\",\"publisher\":{\"@id\":\"https:\\\/\\\/cartourgenatravel.com\\\/#organization\"},\"potentialAction\":[{\"@type\":\"SearchAction\",\"target\":{\"@type\":\"EntryPoint\",\"urlTemplate\":\"https:\\\/\\\/cartourgenatravel.com\\\/?s={search_term_string}\"},\"query-input\":{\"@type\":\"PropertyValueSpecification\",\"valueRequired\":true,\"valueName\":\"search_term_string\"}}],\"inLanguage\":\"es\"},{\"@type\":\"Organization\",\"@id\":\"https:\\\/\\\/cartourgenatravel.com\\\/#organization\",\"name\":\"cartourgenatravel.com\",\"url\":\"https:\\\/\\\/cartourgenatravel.com\\\/\",\"logo\":{\"@type\":\"ImageObject\",\"inLanguage\":\"es\",\"@id\":\"https:\\\/\\\/cartourgenatravel.com\\\/#\\\/schema\\\/logo\\\/image\\\/\",\"url\":\"https:\\\/\\\/cartourgenatravel.com\\\/wp-content\\\/uploads\\\/2023\\\/05\\\/cartourstravel-logo-.webp\",\"contentUrl\":\"https:\\\/\\\/cartourgenatravel.com\\\/wp-content\\\/uploads\\\/2023\\\/05\\\/cartourstravel-logo-.webp\",\"width\":661,\"height\":482,\"caption\":\"cartourgenatravel.com\"},\"image\":{\"@id\":\"https:\\\/\\\/cartourgenatravel.com\\\/#\\\/schema\\\/logo\\\/image\\\/\"},\"sameAs\":[\"https:\\\/\\\/www.instagram.com\\\/cartourgena_travel\\\/\"]}]}<\/script>\n<!-- \/ Yoast SEO plugin. -->","yoast_head_json":{"title":"\u201cVAMOS PA\u2019L BARRIO\u201d Turismo comunitario - cartourgenatravel.com","robots":{"index":"index","follow":"follow","max-snippet":"max-snippet:-1","max-image-preview":"max-image-preview:large","max-video-preview":"max-video-preview:-1"},"canonical":"https:\/\/cartourgenatravel.com\/index.php\/product\/vamos-pal-barrio-turismo-comunitario\/","og_locale":"es_ES","og_type":"article","og_title":"\u201cVAMOS PA\u2019L BARRIO\u201d Turismo comunitario - cartourgenatravel.com","og_description":"Si quieres apoyar a las comunidades afro e ind\u00edgenas de barrios populares e interactuar en su entorno local, probar la sabrosura en su gastronom\u00eda, conocer la historia a trav\u00e9s de los vecinos, bailar al son de la champeta y salsa y conocer lugares emblem\u00e1ticos fuera de las murallas para unas buenas fotos \u201cpara el vacile\u201d, [&hellip;]","og_url":"https:\/\/cartourgenatravel.com\/index.php\/product\/vamos-pal-barrio-turismo-comunitario\/","og_site_name":"cartourgenatravel.com","article_modified_time":"2026-02-24T21:22:14+00:00","og_image":[{"width":750,"height":1000,"url":"https:\/\/cartourgenatravel.com\/wp-content\/uploads\/2025\/02\/barrio-1.webp","type":"image\/webp"}],"twitter_card":"summary_large_image","twitter_misc":{"Tiempo de lectura":"1 minuto"},"schema":{"@context":"https:\/\/schema.org","@graph":[{"@type":"WebPage","@id":"https:\/\/cartourgenatravel.com\/index.php\/product\/vamos-pal-barrio-turismo-comunitario\/","url":"https:\/\/cartourgenatravel.com\/index.php\/product\/vamos-pal-barrio-turismo-comunitario\/","name":"\u201cVAMOS PA\u2019L BARRIO\u201d Turismo comunitario - cartourgenatravel.com","isPartOf":{"@id":"https:\/\/cartourgenatravel.com\/#website"},"primaryImageOfPage":{"@id":"https:\/\/cartourgenatravel.com\/index.php\/product\/vamos-pal-barrio-turismo-comunitario\/#primaryimage"},"image":{"@id":"https:\/\/cartourgenatravel.com\/index.php\/product\/vamos-pal-barrio-turismo-comunitario\/#primaryimage"},"thumbnailUrl":"https:\/\/cartourgenatravel.com\/wp-content\/uploads\/2025\/02\/barrio-1.webp","datePublished":"2025-02-25T21:50:33+00:00","dateModified":"2026-02-24T21:22:14+00:00","breadcrumb":{"@id":"https:\/\/cartourgenatravel.com\/index.php\/product\/vamos-pal-barrio-turismo-comunitario\/#breadcrumb"},"inLanguage":"es","potentialAction":[{"@type":"ReadAction","target":["https:\/\/cartourgenatravel.com\/index.php\/product\/vamos-pal-barrio-turismo-comunitario\/"]}]},{"@type":"ImageObject","inLanguage":"es","@id":"https:\/\/cartourgenatravel.com\/index.php\/product\/vamos-pal-barrio-turismo-comunitario\/#primaryimage","url":"https:\/\/cartourgenatravel.com\/wp-content\/uploads\/2025\/02\/barrio-1.webp","contentUrl":"https:\/\/cartourgenatravel.com\/wp-content\/uploads\/2025\/02\/barrio-1.webp","width":750,"height":1000},{"@type":"BreadcrumbList","@id":"https:\/\/cartourgenatravel.com\/index.php\/product\/vamos-pal-barrio-turismo-comunitario\/#breadcrumb","itemListElement":[{"@type":"ListItem","position":1,"name":"Portada","item":"https:\/\/cartourgenatravel.com\/"},{"@type":"ListItem","position":2,"name":"Tours","item":"https:\/\/cartourgenatravel.com\/index.php\/turismo-cultural-local\/tours\/"},{"@type":"ListItem","position":3,"name":"\u201cVAMOS PA\u2019L BARRIO\u201d Turismo comunitario"}]},{"@type":"WebSite","@id":"https:\/\/cartourgenatravel.com\/#website","url":"https:\/\/cartourgenatravel.com\/","name":"cartourgenatravel.com","description":"Una agencia que potencia el turismo local","publisher":{"@id":"https:\/\/cartourgenatravel.com\/#organization"},"potentialAction":[{"@type":"SearchAction","target":{"@type":"EntryPoint","urlTemplate":"https:\/\/cartourgenatravel.com\/?s={search_term_string}"},"query-input":{"@type":"PropertyValueSpecification","valueRequired":true,"valueName":"search_term_string"}}],"inLanguage":"es"},{"@type":"Organization","@id":"https:\/\/cartourgenatravel.com\/#organization","name":"cartourgenatravel.com","url":"https:\/\/cartourgenatravel.com\/","logo":{"@type":"ImageObject","inLanguage":"es","@id":"https:\/\/cartourgenatravel.com\/#\/schema\/logo\/image\/","url":"https:\/\/cartourgenatravel.com\/wp-content\/uploads\/2023\/05\/cartourstravel-logo-.webp","contentUrl":"https:\/\/cartourgenatravel.com\/wp-content\/uploads\/2023\/05\/cartourstravel-logo-.webp","width":661,"height":482,"caption":"cartourgenatravel.com"},"image":{"@id":"https:\/\/cartourgenatravel.com\/#\/schema\/logo\/image\/"},"sameAs":["https:\/\/www.instagram.com\/cartourgena_travel\/"]}]}},"_links":{"self":[{"href":"https:\/\/cartourgenatravel.com\/index.php\/wp-json\/wp\/v2\/product\/2035","targetHints":{"allow":["GET"]}}],"collection":[{"href":"https:\/\/cartourgenatravel.com\/index.php\/wp-json\/wp\/v2\/product"}],"about":[{"href":"https:\/\/cartourgenatravel.com\/index.php\/wp-json\/wp\/v2\/types\/product"}],"replies":[{"embeddable":true,"href":"https:\/\/cartourgenatravel.com\/index.php\/wp-json\/wp\/v2\/comments?post=2035"}],"version-history":[{"count":0,"href":"https:\/\/cartourgenatravel.com\/index.php\/wp-json\/wp\/v2\/product\/2035\/revisions"}],"wp:featuredmedia":[{"embeddable":true,"href":"https:\/\/cartourgenatravel.com\/index.php\/wp-json\/wp\/v2\/media\/2039"}],"wp:attachment":[{"href":"https:\/\/cartourgenatravel.com\/index.php\/wp-json\/wp\/v2\/media?parent=2035"}],"wp:term":[{"taxonomy":"product_brand","embeddable":true,"href":"https:\/\/cartourgenatravel.com\/index.php\/wp-json\/wp\/v2\/product_brand?post=2035"},{"taxonomy":"product_cat","embeddable":true,"href":"https:\/\/cartourgenatravel.com\/index.php\/wp-json\/wp\/v2\/product_cat?post=2035"},{"taxonomy":"product_tag","embeddable":true,"href":"https:\/\/cartourgenatravel.com\/index.php\/wp-json\/wp\/v2\/product_tag?post=2035"}],"curies":[{"name":"wp","href":"https:\/\/api.w.org\/{rel}","templated":true}]}}