{"id":2108,"date":"2025-02-26T18:49:15","date_gmt":"2025-02-26T23:49:15","guid":{"rendered":"https:\/\/cartourgenatravel.com\/?post_type=product&#038;p=2108"},"modified":"2025-02-26T21:37:32","modified_gmt":"2025-02-27T02:37:32","slug":"guia-al-castillo-la-bucanera","status":"publish","type":"product","link":"https:\/\/cartourgenatravel.com\/index.php\/product\/guia-al-castillo-la-bucanera\/","title":{"rendered":"GUIA AL CASTILLO \u201cLA BUCANERA\u201d"},"content":{"rendered":"<p><span style=\"font-weight: 400;\">El castillo o m\u00e1s bien su real nombre fuerte san Felipe de barajas, es la m\u00e1s grande obra de la ingenier\u00eda espa\u00f1ola en territorio americano, fueron 19 a\u00f1os con construy\u00e9ndolo\u00a0 y hoy este castillo es una de las m\u00e1s hermosas postales de la historia, en la entrada una estatua la figura hidalga de Don Blas de leso, 35 a\u00f1os de grandes y heroicos servicios a la corona espa\u00f1ola con un gran ejemplo de superaci\u00f3n, se convierte en el m\u00e1s fiero combatiente de Espa\u00f1a, el castillo desde la independencia hasta 1928 el san Felipe de barajas permaneci\u00f3 en el olvido, hasta un senador de la rep\u00fablica de Colombia en 1920 sugiri\u00f3 demolerlo pero afortunadamente no fue as\u00ed, y hoy podemos recorrer la historia, se logr\u00f3 recuperar gran parte para el pa\u00eds el m\u00e1s bello de todos los tesoros.<\/span><\/p>\n<p><span style=\"font-weight: 400;\">Aqu\u00ed el turista puede dar vuelo a la imaginaci\u00f3n, puede so\u00f1ar con tropas espa\u00f1olas, con piratas y \u00e9picas batallas, con \u00e9pocas que nunca volver\u00e1n, este castillo tambi\u00e9n lo han recorrido muchos colombianos y nos vio crecer y su historia es parte de nuestro folklore, en este recorrido vamos a ver los secretos del castillo y vamos a conocer los pormenores de una cr\u00f3nica escrita en piedra.<\/span><\/p>\n","protected":false},"excerpt":{"rendered":"<p>El castillo o m\u00e1s bien su real nombre fuerte san Felipe de barajas, es la m\u00e1s grande obra de la ingenier\u00eda espa\u00f1ola en territorio americano, fueron 19 a\u00f1os con construy\u00e9ndolo\u00a0 y hoy este castillo es una de las m\u00e1s hermosas postales de la historia, en la entrada una estatua la figura hidalga de Don Blas [&hellip;]<\/p>\n","protected":false},"featured_media":2111,"comment_status":"closed","ping_status":"closed","template":"","meta":{"_acf_changed":false,"_monsterinsights_skip_tracking":false,"_monsterinsights_sitenote_active":false,"_monsterinsights_sitenote_note":"","_monsterinsights_sitenote_category":0,"_joinchat":[]},"product_brand":[],"product_cat":[59,111],"product_tag":[],"class_list":{"0":"post-2108","1":"product","2":"type-product","3":"status-publish","4":"has-post-thumbnail","6":"product_cat-cartagena","7":"product_cat-tour-cultural-e-historico","9":"first","10":"instock","11":"sold-individually","12":"shipping-taxable","13":"purchasable","14":"product-type-booking"},"booking_location":"","booking_location_type":"","booking_duration":1,"booking_duration_unit":"day","booking_buffer":0,"booking_cost":0,"booking_resources":[],"acf":[],"yoast_head":"<!-- This site is optimized with the Yoast SEO plugin v27.5 - https:\/\/yoast.com\/product\/yoast-seo-wordpress\/ -->\n<title>GUIA AL CASTILLO \u201cLA BUCANERA\u201d - cartourgenatravel.com<\/title>\n<meta name=\"robots\" content=\"index, follow, max-snippet:-1, max-image-preview:large, max-video-preview:-1\" \/>\n<link rel=\"canonical\" href=\"https:\/\/cartourgenatravel.com\/index.php\/product\/guia-al-castillo-la-bucanera\/\" \/>\n<meta property=\"og:locale\" content=\"es_ES\" \/>\n<meta property=\"og:type\" content=\"article\" \/>\n<meta property=\"og:title\" content=\"GUIA AL CASTILLO \u201cLA BUCANERA\u201d - cartourgenatravel.com\" \/>\n<meta property=\"og:description\" content=\"El castillo o m\u00e1s bien su real nombre fuerte san Felipe de barajas, es la m\u00e1s grande obra de la ingenier\u00eda espa\u00f1ola en territorio americano, fueron 19 a\u00f1os con construy\u00e9ndolo\u00a0 y hoy este castillo es una de las m\u00e1s hermosas postales de la historia, en la entrada una estatua la figura hidalga de Don Blas [&hellip;]\" \/>\n<meta property=\"og:url\" content=\"https:\/\/cartourgenatravel.com\/index.php\/product\/guia-al-castillo-la-bucanera\/\" \/>\n<meta property=\"og:site_name\" content=\"cartourgenatravel.com\" \/>\n<meta property=\"article:modified_time\" content=\"2025-02-27T02:37:32+00:00\" \/>\n<meta property=\"og:image\" content=\"https:\/\/cartourgenatravel.com\/wp-content\/uploads\/2025\/02\/Castillo-3.jpg\" \/>\n\t<meta property=\"og:image:width\" content=\"750\" \/>\n\t<meta property=\"og:image:height\" content=\"1000\" \/>\n\t<meta property=\"og:image:type\" content=\"image\/jpeg\" \/>\n<meta name=\"twitter:card\" content=\"summary_large_image\" \/>\n<meta name=\"twitter:label1\" content=\"Tiempo de lectura\" \/>\n\t<meta name=\"twitter:data1\" content=\"2 minutos\" \/>\n<script type=\"application\/ld+json\" class=\"yoast-schema-graph\">{\"@context\":\"https:\\\/\\\/schema.org\",\"@graph\":[{\"@type\":\"WebPage\",\"@id\":\"https:\\\/\\\/cartourgenatravel.com\\\/index.php\\\/product\\\/guia-al-castillo-la-bucanera\\\/\",\"url\":\"https:\\\/\\\/cartourgenatravel.com\\\/index.php\\\/product\\\/guia-al-castillo-la-bucanera\\\/\",\"name\":\"GUIA AL CASTILLO \u201cLA BUCANERA\u201d - cartourgenatravel.com\",\"isPartOf\":{\"@id\":\"https:\\\/\\\/cartourgenatravel.com\\\/#website\"},\"primaryImageOfPage\":{\"@id\":\"https:\\\/\\\/cartourgenatravel.com\\\/index.php\\\/product\\\/guia-al-castillo-la-bucanera\\\/#primaryimage\"},\"image\":{\"@id\":\"https:\\\/\\\/cartourgenatravel.com\\\/index.php\\\/product\\\/guia-al-castillo-la-bucanera\\\/#primaryimage\"},\"thumbnailUrl\":\"https:\\\/\\\/cartourgenatravel.com\\\/wp-content\\\/uploads\\\/2025\\\/02\\\/Castillo-3.jpg\",\"datePublished\":\"2025-02-26T23:49:15+00:00\",\"dateModified\":\"2025-02-27T02:37:32+00:00\",\"breadcrumb\":{\"@id\":\"https:\\\/\\\/cartourgenatravel.com\\\/index.php\\\/product\\\/guia-al-castillo-la-bucanera\\\/#breadcrumb\"},\"inLanguage\":\"es\",\"potentialAction\":[{\"@type\":\"ReadAction\",\"target\":[\"https:\\\/\\\/cartourgenatravel.com\\\/index.php\\\/product\\\/guia-al-castillo-la-bucanera\\\/\"]}]},{\"@type\":\"ImageObject\",\"inLanguage\":\"es\",\"@id\":\"https:\\\/\\\/cartourgenatravel.com\\\/index.php\\\/product\\\/guia-al-castillo-la-bucanera\\\/#primaryimage\",\"url\":\"https:\\\/\\\/cartourgenatravel.com\\\/wp-content\\\/uploads\\\/2025\\\/02\\\/Castillo-3.jpg\",\"contentUrl\":\"https:\\\/\\\/cartourgenatravel.com\\\/wp-content\\\/uploads\\\/2025\\\/02\\\/Castillo-3.jpg\",\"width\":750,\"height\":1000},{\"@type\":\"BreadcrumbList\",\"@id\":\"https:\\\/\\\/cartourgenatravel.com\\\/index.php\\\/product\\\/guia-al-castillo-la-bucanera\\\/#breadcrumb\",\"itemListElement\":[{\"@type\":\"ListItem\",\"position\":1,\"name\":\"Portada\",\"item\":\"https:\\\/\\\/cartourgenatravel.com\\\/\"},{\"@type\":\"ListItem\",\"position\":2,\"name\":\"Tours\",\"item\":\"https:\\\/\\\/cartourgenatravel.com\\\/index.php\\\/turismo-cultural-local\\\/tours\\\/\"},{\"@type\":\"ListItem\",\"position\":3,\"name\":\"GUIA AL CASTILLO \u201cLA BUCANERA\u201d\"}]},{\"@type\":\"WebSite\",\"@id\":\"https:\\\/\\\/cartourgenatravel.com\\\/#website\",\"url\":\"https:\\\/\\\/cartourgenatravel.com\\\/\",\"name\":\"cartourgenatravel.com\",\"description\":\"Una agencia que potencia el turismo local\",\"publisher\":{\"@id\":\"https:\\\/\\\/cartourgenatravel.com\\\/#organization\"},\"potentialAction\":[{\"@type\":\"SearchAction\",\"target\":{\"@type\":\"EntryPoint\",\"urlTemplate\":\"https:\\\/\\\/cartourgenatravel.com\\\/?s={search_term_string}\"},\"query-input\":{\"@type\":\"PropertyValueSpecification\",\"valueRequired\":true,\"valueName\":\"search_term_string\"}}],\"inLanguage\":\"es\"},{\"@type\":\"Organization\",\"@id\":\"https:\\\/\\\/cartourgenatravel.com\\\/#organization\",\"name\":\"cartourgenatravel.com\",\"url\":\"https:\\\/\\\/cartourgenatravel.com\\\/\",\"logo\":{\"@type\":\"ImageObject\",\"inLanguage\":\"es\",\"@id\":\"https:\\\/\\\/cartourgenatravel.com\\\/#\\\/schema\\\/logo\\\/image\\\/\",\"url\":\"https:\\\/\\\/cartourgenatravel.com\\\/wp-content\\\/uploads\\\/2023\\\/05\\\/cartourstravel-logo-.webp\",\"contentUrl\":\"https:\\\/\\\/cartourgenatravel.com\\\/wp-content\\\/uploads\\\/2023\\\/05\\\/cartourstravel-logo-.webp\",\"width\":661,\"height\":482,\"caption\":\"cartourgenatravel.com\"},\"image\":{\"@id\":\"https:\\\/\\\/cartourgenatravel.com\\\/#\\\/schema\\\/logo\\\/image\\\/\"},\"sameAs\":[\"https:\\\/\\\/www.instagram.com\\\/cartourgena_travel\\\/\"]}]}<\/script>\n<!-- \/ Yoast SEO plugin. -->","yoast_head_json":{"title":"GUIA AL CASTILLO \u201cLA BUCANERA\u201d - cartourgenatravel.com","robots":{"index":"index","follow":"follow","max-snippet":"max-snippet:-1","max-image-preview":"max-image-preview:large","max-video-preview":"max-video-preview:-1"},"canonical":"https:\/\/cartourgenatravel.com\/index.php\/product\/guia-al-castillo-la-bucanera\/","og_locale":"es_ES","og_type":"article","og_title":"GUIA AL CASTILLO \u201cLA BUCANERA\u201d - cartourgenatravel.com","og_description":"El castillo o m\u00e1s bien su real nombre fuerte san Felipe de barajas, es la m\u00e1s grande obra de la ingenier\u00eda espa\u00f1ola en territorio americano, fueron 19 a\u00f1os con construy\u00e9ndolo\u00a0 y hoy este castillo es una de las m\u00e1s hermosas postales de la historia, en la entrada una estatua la figura hidalga de Don Blas [&hellip;]","og_url":"https:\/\/cartourgenatravel.com\/index.php\/product\/guia-al-castillo-la-bucanera\/","og_site_name":"cartourgenatravel.com","article_modified_time":"2025-02-27T02:37:32+00:00","og_image":[{"width":750,"height":1000,"url":"https:\/\/cartourgenatravel.com\/wp-content\/uploads\/2025\/02\/Castillo-3.jpg","type":"image\/jpeg"}],"twitter_card":"summary_large_image","twitter_misc":{"Tiempo de lectura":"2 minutos"},"schema":{"@context":"https:\/\/schema.org","@graph":[{"@type":"WebPage","@id":"https:\/\/cartourgenatravel.com\/index.php\/product\/guia-al-castillo-la-bucanera\/","url":"https:\/\/cartourgenatravel.com\/index.php\/product\/guia-al-castillo-la-bucanera\/","name":"GUIA AL CASTILLO \u201cLA BUCANERA\u201d - cartourgenatravel.com","isPartOf":{"@id":"https:\/\/cartourgenatravel.com\/#website"},"primaryImageOfPage":{"@id":"https:\/\/cartourgenatravel.com\/index.php\/product\/guia-al-castillo-la-bucanera\/#primaryimage"},"image":{"@id":"https:\/\/cartourgenatravel.com\/index.php\/product\/guia-al-castillo-la-bucanera\/#primaryimage"},"thumbnailUrl":"https:\/\/cartourgenatravel.com\/wp-content\/uploads\/2025\/02\/Castillo-3.jpg","datePublished":"2025-02-26T23:49:15+00:00","dateModified":"2025-02-27T02:37:32+00:00","breadcrumb":{"@id":"https:\/\/cartourgenatravel.com\/index.php\/product\/guia-al-castillo-la-bucanera\/#breadcrumb"},"inLanguage":"es","potentialAction":[{"@type":"ReadAction","target":["https:\/\/cartourgenatravel.com\/index.php\/product\/guia-al-castillo-la-bucanera\/"]}]},{"@type":"ImageObject","inLanguage":"es","@id":"https:\/\/cartourgenatravel.com\/index.php\/product\/guia-al-castillo-la-bucanera\/#primaryimage","url":"https:\/\/cartourgenatravel.com\/wp-content\/uploads\/2025\/02\/Castillo-3.jpg","contentUrl":"https:\/\/cartourgenatravel.com\/wp-content\/uploads\/2025\/02\/Castillo-3.jpg","width":750,"height":1000},{"@type":"BreadcrumbList","@id":"https:\/\/cartourgenatravel.com\/index.php\/product\/guia-al-castillo-la-bucanera\/#breadcrumb","itemListElement":[{"@type":"ListItem","position":1,"name":"Portada","item":"https:\/\/cartourgenatravel.com\/"},{"@type":"ListItem","position":2,"name":"Tours","item":"https:\/\/cartourgenatravel.com\/index.php\/turismo-cultural-local\/tours\/"},{"@type":"ListItem","position":3,"name":"GUIA AL CASTILLO \u201cLA BUCANERA\u201d"}]},{"@type":"WebSite","@id":"https:\/\/cartourgenatravel.com\/#website","url":"https:\/\/cartourgenatravel.com\/","name":"cartourgenatravel.com","description":"Una agencia que potencia el turismo local","publisher":{"@id":"https:\/\/cartourgenatravel.com\/#organization"},"potentialAction":[{"@type":"SearchAction","target":{"@type":"EntryPoint","urlTemplate":"https:\/\/cartourgenatravel.com\/?s={search_term_string}"},"query-input":{"@type":"PropertyValueSpecification","valueRequired":true,"valueName":"search_term_string"}}],"inLanguage":"es"},{"@type":"Organization","@id":"https:\/\/cartourgenatravel.com\/#organization","name":"cartourgenatravel.com","url":"https:\/\/cartourgenatravel.com\/","logo":{"@type":"ImageObject","inLanguage":"es","@id":"https:\/\/cartourgenatravel.com\/#\/schema\/logo\/image\/","url":"https:\/\/cartourgenatravel.com\/wp-content\/uploads\/2023\/05\/cartourstravel-logo-.webp","contentUrl":"https:\/\/cartourgenatravel.com\/wp-content\/uploads\/2023\/05\/cartourstravel-logo-.webp","width":661,"height":482,"caption":"cartourgenatravel.com"},"image":{"@id":"https:\/\/cartourgenatravel.com\/#\/schema\/logo\/image\/"},"sameAs":["https:\/\/www.instagram.com\/cartourgena_travel\/"]}]}},"_links":{"self":[{"href":"https:\/\/cartourgenatravel.com\/index.php\/wp-json\/wp\/v2\/product\/2108","targetHints":{"allow":["GET"]}}],"collection":[{"href":"https:\/\/cartourgenatravel.com\/index.php\/wp-json\/wp\/v2\/product"}],"about":[{"href":"https:\/\/cartourgenatravel.com\/index.php\/wp-json\/wp\/v2\/types\/product"}],"replies":[{"embeddable":true,"href":"https:\/\/cartourgenatravel.com\/index.php\/wp-json\/wp\/v2\/comments?post=2108"}],"version-history":[{"count":0,"href":"https:\/\/cartourgenatravel.com\/index.php\/wp-json\/wp\/v2\/product\/2108\/revisions"}],"wp:featuredmedia":[{"embeddable":true,"href":"https:\/\/cartourgenatravel.com\/index.php\/wp-json\/wp\/v2\/media\/2111"}],"wp:attachment":[{"href":"https:\/\/cartourgenatravel.com\/index.php\/wp-json\/wp\/v2\/media?parent=2108"}],"wp:term":[{"taxonomy":"product_brand","embeddable":true,"href":"https:\/\/cartourgenatravel.com\/index.php\/wp-json\/wp\/v2\/product_brand?post=2108"},{"taxonomy":"product_cat","embeddable":true,"href":"https:\/\/cartourgenatravel.com\/index.php\/wp-json\/wp\/v2\/product_cat?post=2108"},{"taxonomy":"product_tag","embeddable":true,"href":"https:\/\/cartourgenatravel.com\/index.php\/wp-json\/wp\/v2\/product_tag?post=2108"}],"curies":[{"name":"wp","href":"https:\/\/api.w.org\/{rel}","templated":true}]}}