{"id":2254,"date":"2025-02-27T15:45:06","date_gmt":"2025-02-27T20:45:06","guid":{"rendered":"https:\/\/cartourgenatravel.com\/?post_type=product&#038;p=2254"},"modified":"2026-02-25T20:14:59","modified_gmt":"2026-02-26T01:14:59","slug":"walking-tour-privado-gastronomico","status":"publish","type":"product","link":"https:\/\/cartourgenatravel.com\/index.php\/product\/walking-tour-privado-gastronomico\/","title":{"rendered":"WALKING TOUR PRIVADO GASTRONOMICO"},"content":{"rendered":"<p><span style=\"font-weight: 400;\">\u201cCOMETE LA HISTORIA\u201d Si quieres conocer de cerca TODO lo que entro a la ciudad y el origen de cada plato \u00a1es una delicia!, Cartagena de indias y su herencia gastron\u00f3mica como ind\u00edgena, africana y espa\u00f1ola, inclusive tambi\u00e9n inmigrantes llegaron a la heroica y dejaron sus tradiciones en forma de plato o frito, Cartagena se destaca por tener variedad en sus platos caribe\u00f1os, pues claro si fue la puerta de entrada del comercio de Sudam\u00e9rica, \u00a1esta es tu mejor opci\u00f3n!, Cartagena de indias es rica hist\u00f3ricamente, ya que es la segunda ciudad m\u00e1s antigua de Colombia, descubre su encanto en sus platos t\u00edpicos, famosa por su ubicaci\u00f3n a orillas del mar caribe y su rica cultura caribe\u00f1a.<\/span><\/p>\n","protected":false},"excerpt":{"rendered":"<p>\u201cCOMETE LA HISTORIA\u201d Si quieres conocer de cerca TODO lo que entro a la ciudad y el origen de cada plato \u00a1es una delicia!, Cartagena de indias y su herencia gastron\u00f3mica como ind\u00edgena, africana y espa\u00f1ola, inclusive tambi\u00e9n inmigrantes llegaron a la heroica y dejaron sus tradiciones en forma de plato o frito, Cartagena se [&hellip;]<\/p>\n","protected":false},"featured_media":2231,"comment_status":"closed","ping_status":"closed","template":"","meta":{"_acf_changed":false,"_monsterinsights_skip_tracking":false,"_monsterinsights_sitenote_active":false,"_monsterinsights_sitenote_note":"","_monsterinsights_sitenote_category":0,"_joinchat":[]},"product_brand":[],"product_cat":[111,124],"product_tag":[149,150],"class_list":{"0":"post-2254","1":"product","2":"type-product","3":"status-publish","4":"has-post-thumbnail","6":"product_cat-tour-cultural-e-historico","7":"product_cat-tour-gastronomico","8":"product_tag-comida","9":"product_tag-gastronomia","11":"first","12":"instock","13":"virtual","14":"sold-individually","15":"purchasable","16":"product-type-booking"},"booking_location":"","booking_location_type":"","booking_duration":1,"booking_duration_unit":"day","booking_buffer":0,"booking_cost":0,"booking_resources":[],"acf":[],"yoast_head":"<!-- This site is optimized with the Yoast SEO plugin v27.4 - https:\/\/yoast.com\/product\/yoast-seo-wordpress\/ -->\n<title>WALKING TOUR PRIVADO GASTRONOMICO - cartourgenatravel.com<\/title>\n<meta name=\"robots\" content=\"index, follow, max-snippet:-1, max-image-preview:large, max-video-preview:-1\" \/>\n<link rel=\"canonical\" href=\"https:\/\/cartourgenatravel.com\/index.php\/product\/walking-tour-privado-gastronomico\/\" \/>\n<meta property=\"og:locale\" content=\"es_ES\" \/>\n<meta property=\"og:type\" content=\"article\" \/>\n<meta property=\"og:title\" content=\"WALKING TOUR PRIVADO GASTRONOMICO - cartourgenatravel.com\" \/>\n<meta property=\"og:description\" content=\"\u201cCOMETE LA HISTORIA\u201d Si quieres conocer de cerca TODO lo que entro a la ciudad y el origen de cada plato \u00a1es una delicia!, Cartagena de indias y su herencia gastron\u00f3mica como ind\u00edgena, africana y espa\u00f1ola, inclusive tambi\u00e9n inmigrantes llegaron a la heroica y dejaron sus tradiciones en forma de plato o frito, Cartagena se [&hellip;]\" \/>\n<meta property=\"og:url\" content=\"https:\/\/cartourgenatravel.com\/index.php\/product\/walking-tour-privado-gastronomico\/\" \/>\n<meta property=\"og:site_name\" content=\"cartourgenatravel.com\" \/>\n<meta property=\"article:modified_time\" content=\"2026-02-26T01:14:59+00:00\" \/>\n<meta property=\"og:image\" content=\"https:\/\/cartourgenatravel.com\/wp-content\/uploads\/2023\/10\/comida-local-ctg-1.jpg\" \/>\n\t<meta property=\"og:image:width\" content=\"612\" \/>\n\t<meta property=\"og:image:height\" content=\"816\" \/>\n\t<meta property=\"og:image:type\" content=\"image\/jpeg\" \/>\n<meta name=\"twitter:card\" content=\"summary_large_image\" \/>\n<meta name=\"twitter:label1\" content=\"Tiempo de lectura\" \/>\n\t<meta name=\"twitter:data1\" content=\"1 minuto\" \/>\n<script type=\"application\/ld+json\" class=\"yoast-schema-graph\">{\"@context\":\"https:\\\/\\\/schema.org\",\"@graph\":[{\"@type\":\"WebPage\",\"@id\":\"https:\\\/\\\/cartourgenatravel.com\\\/index.php\\\/product\\\/walking-tour-privado-gastronomico\\\/\",\"url\":\"https:\\\/\\\/cartourgenatravel.com\\\/index.php\\\/product\\\/walking-tour-privado-gastronomico\\\/\",\"name\":\"WALKING TOUR PRIVADO GASTRONOMICO - cartourgenatravel.com\",\"isPartOf\":{\"@id\":\"https:\\\/\\\/cartourgenatravel.com\\\/#website\"},\"primaryImageOfPage\":{\"@id\":\"https:\\\/\\\/cartourgenatravel.com\\\/index.php\\\/product\\\/walking-tour-privado-gastronomico\\\/#primaryimage\"},\"image\":{\"@id\":\"https:\\\/\\\/cartourgenatravel.com\\\/index.php\\\/product\\\/walking-tour-privado-gastronomico\\\/#primaryimage\"},\"thumbnailUrl\":\"https:\\\/\\\/cartourgenatravel.com\\\/wp-content\\\/uploads\\\/2023\\\/10\\\/comida-local-ctg-1.jpg\",\"datePublished\":\"2025-02-27T20:45:06+00:00\",\"dateModified\":\"2026-02-26T01:14:59+00:00\",\"breadcrumb\":{\"@id\":\"https:\\\/\\\/cartourgenatravel.com\\\/index.php\\\/product\\\/walking-tour-privado-gastronomico\\\/#breadcrumb\"},\"inLanguage\":\"es\",\"potentialAction\":[{\"@type\":\"ReadAction\",\"target\":[\"https:\\\/\\\/cartourgenatravel.com\\\/index.php\\\/product\\\/walking-tour-privado-gastronomico\\\/\"]}]},{\"@type\":\"ImageObject\",\"inLanguage\":\"es\",\"@id\":\"https:\\\/\\\/cartourgenatravel.com\\\/index.php\\\/product\\\/walking-tour-privado-gastronomico\\\/#primaryimage\",\"url\":\"https:\\\/\\\/cartourgenatravel.com\\\/wp-content\\\/uploads\\\/2023\\\/10\\\/comida-local-ctg-1.jpg\",\"contentUrl\":\"https:\\\/\\\/cartourgenatravel.com\\\/wp-content\\\/uploads\\\/2023\\\/10\\\/comida-local-ctg-1.jpg\",\"width\":612,\"height\":816},{\"@type\":\"BreadcrumbList\",\"@id\":\"https:\\\/\\\/cartourgenatravel.com\\\/index.php\\\/product\\\/walking-tour-privado-gastronomico\\\/#breadcrumb\",\"itemListElement\":[{\"@type\":\"ListItem\",\"position\":1,\"name\":\"Portada\",\"item\":\"https:\\\/\\\/cartourgenatravel.com\\\/\"},{\"@type\":\"ListItem\",\"position\":2,\"name\":\"Tours\",\"item\":\"https:\\\/\\\/cartourgenatravel.com\\\/index.php\\\/turismo-cultural-local\\\/tours\\\/\"},{\"@type\":\"ListItem\",\"position\":3,\"name\":\"WALKING TOUR PRIVADO GASTRONOMICO\"}]},{\"@type\":\"WebSite\",\"@id\":\"https:\\\/\\\/cartourgenatravel.com\\\/#website\",\"url\":\"https:\\\/\\\/cartourgenatravel.com\\\/\",\"name\":\"cartourgenatravel.com\",\"description\":\"Una agencia que potencia el turismo local\",\"publisher\":{\"@id\":\"https:\\\/\\\/cartourgenatravel.com\\\/#organization\"},\"potentialAction\":[{\"@type\":\"SearchAction\",\"target\":{\"@type\":\"EntryPoint\",\"urlTemplate\":\"https:\\\/\\\/cartourgenatravel.com\\\/?s={search_term_string}\"},\"query-input\":{\"@type\":\"PropertyValueSpecification\",\"valueRequired\":true,\"valueName\":\"search_term_string\"}}],\"inLanguage\":\"es\"},{\"@type\":\"Organization\",\"@id\":\"https:\\\/\\\/cartourgenatravel.com\\\/#organization\",\"name\":\"cartourgenatravel.com\",\"url\":\"https:\\\/\\\/cartourgenatravel.com\\\/\",\"logo\":{\"@type\":\"ImageObject\",\"inLanguage\":\"es\",\"@id\":\"https:\\\/\\\/cartourgenatravel.com\\\/#\\\/schema\\\/logo\\\/image\\\/\",\"url\":\"https:\\\/\\\/cartourgenatravel.com\\\/wp-content\\\/uploads\\\/2023\\\/05\\\/cartourstravel-logo-.webp\",\"contentUrl\":\"https:\\\/\\\/cartourgenatravel.com\\\/wp-content\\\/uploads\\\/2023\\\/05\\\/cartourstravel-logo-.webp\",\"width\":661,\"height\":482,\"caption\":\"cartourgenatravel.com\"},\"image\":{\"@id\":\"https:\\\/\\\/cartourgenatravel.com\\\/#\\\/schema\\\/logo\\\/image\\\/\"},\"sameAs\":[\"https:\\\/\\\/www.instagram.com\\\/cartourgena_travel\\\/\"]}]}<\/script>\n<!-- \/ Yoast SEO plugin. -->","yoast_head_json":{"title":"WALKING TOUR PRIVADO GASTRONOMICO - cartourgenatravel.com","robots":{"index":"index","follow":"follow","max-snippet":"max-snippet:-1","max-image-preview":"max-image-preview:large","max-video-preview":"max-video-preview:-1"},"canonical":"https:\/\/cartourgenatravel.com\/index.php\/product\/walking-tour-privado-gastronomico\/","og_locale":"es_ES","og_type":"article","og_title":"WALKING TOUR PRIVADO GASTRONOMICO - cartourgenatravel.com","og_description":"\u201cCOMETE LA HISTORIA\u201d Si quieres conocer de cerca TODO lo que entro a la ciudad y el origen de cada plato \u00a1es una delicia!, Cartagena de indias y su herencia gastron\u00f3mica como ind\u00edgena, africana y espa\u00f1ola, inclusive tambi\u00e9n inmigrantes llegaron a la heroica y dejaron sus tradiciones en forma de plato o frito, Cartagena se [&hellip;]","og_url":"https:\/\/cartourgenatravel.com\/index.php\/product\/walking-tour-privado-gastronomico\/","og_site_name":"cartourgenatravel.com","article_modified_time":"2026-02-26T01:14:59+00:00","og_image":[{"width":612,"height":816,"url":"https:\/\/cartourgenatravel.com\/wp-content\/uploads\/2023\/10\/comida-local-ctg-1.jpg","type":"image\/jpeg"}],"twitter_card":"summary_large_image","twitter_misc":{"Tiempo de lectura":"1 minuto"},"schema":{"@context":"https:\/\/schema.org","@graph":[{"@type":"WebPage","@id":"https:\/\/cartourgenatravel.com\/index.php\/product\/walking-tour-privado-gastronomico\/","url":"https:\/\/cartourgenatravel.com\/index.php\/product\/walking-tour-privado-gastronomico\/","name":"WALKING TOUR PRIVADO GASTRONOMICO - cartourgenatravel.com","isPartOf":{"@id":"https:\/\/cartourgenatravel.com\/#website"},"primaryImageOfPage":{"@id":"https:\/\/cartourgenatravel.com\/index.php\/product\/walking-tour-privado-gastronomico\/#primaryimage"},"image":{"@id":"https:\/\/cartourgenatravel.com\/index.php\/product\/walking-tour-privado-gastronomico\/#primaryimage"},"thumbnailUrl":"https:\/\/cartourgenatravel.com\/wp-content\/uploads\/2023\/10\/comida-local-ctg-1.jpg","datePublished":"2025-02-27T20:45:06+00:00","dateModified":"2026-02-26T01:14:59+00:00","breadcrumb":{"@id":"https:\/\/cartourgenatravel.com\/index.php\/product\/walking-tour-privado-gastronomico\/#breadcrumb"},"inLanguage":"es","potentialAction":[{"@type":"ReadAction","target":["https:\/\/cartourgenatravel.com\/index.php\/product\/walking-tour-privado-gastronomico\/"]}]},{"@type":"ImageObject","inLanguage":"es","@id":"https:\/\/cartourgenatravel.com\/index.php\/product\/walking-tour-privado-gastronomico\/#primaryimage","url":"https:\/\/cartourgenatravel.com\/wp-content\/uploads\/2023\/10\/comida-local-ctg-1.jpg","contentUrl":"https:\/\/cartourgenatravel.com\/wp-content\/uploads\/2023\/10\/comida-local-ctg-1.jpg","width":612,"height":816},{"@type":"BreadcrumbList","@id":"https:\/\/cartourgenatravel.com\/index.php\/product\/walking-tour-privado-gastronomico\/#breadcrumb","itemListElement":[{"@type":"ListItem","position":1,"name":"Portada","item":"https:\/\/cartourgenatravel.com\/"},{"@type":"ListItem","position":2,"name":"Tours","item":"https:\/\/cartourgenatravel.com\/index.php\/turismo-cultural-local\/tours\/"},{"@type":"ListItem","position":3,"name":"WALKING TOUR PRIVADO GASTRONOMICO"}]},{"@type":"WebSite","@id":"https:\/\/cartourgenatravel.com\/#website","url":"https:\/\/cartourgenatravel.com\/","name":"cartourgenatravel.com","description":"Una agencia que potencia el turismo local","publisher":{"@id":"https:\/\/cartourgenatravel.com\/#organization"},"potentialAction":[{"@type":"SearchAction","target":{"@type":"EntryPoint","urlTemplate":"https:\/\/cartourgenatravel.com\/?s={search_term_string}"},"query-input":{"@type":"PropertyValueSpecification","valueRequired":true,"valueName":"search_term_string"}}],"inLanguage":"es"},{"@type":"Organization","@id":"https:\/\/cartourgenatravel.com\/#organization","name":"cartourgenatravel.com","url":"https:\/\/cartourgenatravel.com\/","logo":{"@type":"ImageObject","inLanguage":"es","@id":"https:\/\/cartourgenatravel.com\/#\/schema\/logo\/image\/","url":"https:\/\/cartourgenatravel.com\/wp-content\/uploads\/2023\/05\/cartourstravel-logo-.webp","contentUrl":"https:\/\/cartourgenatravel.com\/wp-content\/uploads\/2023\/05\/cartourstravel-logo-.webp","width":661,"height":482,"caption":"cartourgenatravel.com"},"image":{"@id":"https:\/\/cartourgenatravel.com\/#\/schema\/logo\/image\/"},"sameAs":["https:\/\/www.instagram.com\/cartourgena_travel\/"]}]}},"_links":{"self":[{"href":"https:\/\/cartourgenatravel.com\/index.php\/wp-json\/wp\/v2\/product\/2254","targetHints":{"allow":["GET"]}}],"collection":[{"href":"https:\/\/cartourgenatravel.com\/index.php\/wp-json\/wp\/v2\/product"}],"about":[{"href":"https:\/\/cartourgenatravel.com\/index.php\/wp-json\/wp\/v2\/types\/product"}],"replies":[{"embeddable":true,"href":"https:\/\/cartourgenatravel.com\/index.php\/wp-json\/wp\/v2\/comments?post=2254"}],"version-history":[{"count":0,"href":"https:\/\/cartourgenatravel.com\/index.php\/wp-json\/wp\/v2\/product\/2254\/revisions"}],"wp:featuredmedia":[{"embeddable":true,"href":"https:\/\/cartourgenatravel.com\/index.php\/wp-json\/wp\/v2\/media\/2231"}],"wp:attachment":[{"href":"https:\/\/cartourgenatravel.com\/index.php\/wp-json\/wp\/v2\/media?parent=2254"}],"wp:term":[{"taxonomy":"product_brand","embeddable":true,"href":"https:\/\/cartourgenatravel.com\/index.php\/wp-json\/wp\/v2\/product_brand?post=2254"},{"taxonomy":"product_cat","embeddable":true,"href":"https:\/\/cartourgenatravel.com\/index.php\/wp-json\/wp\/v2\/product_cat?post=2254"},{"taxonomy":"product_tag","embeddable":true,"href":"https:\/\/cartourgenatravel.com\/index.php\/wp-json\/wp\/v2\/product_tag?post=2254"}],"curies":[{"name":"wp","href":"https:\/\/api.w.org\/{rel}","templated":true}]}}