{"id":2277,"date":"2026-02-24T11:01:31","date_gmt":"2026-02-24T16:01:31","guid":{"rendered":"https:\/\/cartourgenatravel.com\/?post_type=product&#038;p=2277"},"modified":"2026-02-25T20:14:25","modified_gmt":"2026-02-26T01:14:25","slug":"city-tour-corralito-cartagena-citytour","status":"publish","type":"product","link":"https:\/\/cartourgenatravel.com\/index.php\/product\/city-tour-corralito-cartagena-citytour\/","title":{"rendered":"City tour Corralito | Cartagena Citytour"},"content":{"rendered":"<p><span style=\"font-weight: 400;\">Si quieres conocer de cerca lo que en una \u00e9poca fue la puerta de entrada a Sudam\u00e9rica y la rica historia de la segunda ciudad m\u00e1s antigua de Colombia, este tour es para ti, Cartagena de indias es famosa por su encanto, su ubicaci\u00f3n a orillas del mar caribe y su rica cultura caribe\u00f1a.<\/span><\/p>\n<p><span style=\"font-weight: 400;\">Es un recorrido por los atractivos tur\u00edsticos dentro y fuera de las murallas en veh\u00edculo climatizado y otra caminando conociendo su centro hist\u00f3rico como el barrio Getseman\u00ed, el castillo san Felipe de barajas, el palacio de la inquisici\u00f3n, la torre del reloj, las murallas y calles coloniales.\u00a0<\/span><\/p>\n<p><span style=\"font-weight: 400;\">Adem\u00e1s, Cartagena de indias es conocida por sus famosas playas, haremos una parada en la playa de Marbella donde est\u00e1n ubicadas las letras de Cartagena, todo esto har\u00e1n de tu estad\u00eda una gran e inolvidable experiencia. <\/span><span style=\"font-weight: 400;\">Esta experiencia es abierta a todo p\u00fablico, es decir, las salidas son grupales y horas establecidas.<\/span><\/p>\n<p>&nbsp;<\/p>\n<p>&nbsp;<\/p>\n<p>&nbsp;<\/p>\n<p>&nbsp;<\/p>\n","protected":false},"excerpt":{"rendered":"<p>Si quieres conocer de cerca lo que en una \u00e9poca fue la puerta de entrada a Sudam\u00e9rica y la rica historia de la segunda ciudad m\u00e1s antigua de Colombia, este tour es para ti, Cartagena de indias es famosa por su encanto, su ubicaci\u00f3n a orillas del mar caribe y su rica cultura caribe\u00f1a. Es [&hellip;]<\/p>\n","protected":false},"featured_media":2279,"comment_status":"closed","ping_status":"closed","template":"","meta":{"_acf_changed":false,"_monsterinsights_skip_tracking":false,"_monsterinsights_sitenote_active":false,"_monsterinsights_sitenote_note":"","_monsterinsights_sitenote_category":0,"_joinchat":[]},"product_brand":[153],"product_cat":[59,111],"product_tag":[],"class_list":{"0":"post-2277","1":"product","2":"type-product","3":"status-publish","4":"has-post-thumbnail","6":"product_brand-cartourgena","7":"product_cat-cartagena","8":"product_cat-tour-cultural-e-historico","10":"first","11":"instock","12":"virtual","13":"sold-individually","14":"purchasable","15":"product-type-booking"},"booking_location":"","booking_location_type":"","booking_duration":1,"booking_duration_unit":"day","booking_buffer":0,"booking_cost":0,"booking_resources":[],"acf":[],"yoast_head":"<!-- This site is optimized with the Yoast SEO plugin v27.3 - https:\/\/yoast.com\/product\/yoast-seo-wordpress\/ -->\n<title>City tour Corralito | Cartagena Citytour - cartourgenatravel.com<\/title>\n<meta name=\"robots\" content=\"index, follow, max-snippet:-1, max-image-preview:large, max-video-preview:-1\" \/>\n<link rel=\"canonical\" href=\"https:\/\/cartourgenatravel.com\/index.php\/product\/city-tour-corralito-cartagena-citytour\/\" \/>\n<meta property=\"og:locale\" content=\"es_ES\" \/>\n<meta property=\"og:type\" content=\"article\" \/>\n<meta property=\"og:title\" content=\"City tour Corralito | Cartagena Citytour - cartourgenatravel.com\" \/>\n<meta property=\"og:description\" content=\"Si quieres conocer de cerca lo que en una \u00e9poca fue la puerta de entrada a Sudam\u00e9rica y la rica historia de la segunda ciudad m\u00e1s antigua de Colombia, este tour es para ti, Cartagena de indias es famosa por su encanto, su ubicaci\u00f3n a orillas del mar caribe y su rica cultura caribe\u00f1a. Es [&hellip;]\" \/>\n<meta property=\"og:url\" content=\"https:\/\/cartourgenatravel.com\/index.php\/product\/city-tour-corralito-cartagena-citytour\/\" \/>\n<meta property=\"og:site_name\" content=\"cartourgenatravel.com\" \/>\n<meta property=\"article:modified_time\" content=\"2026-02-26T01:14:25+00:00\" \/>\n<meta property=\"og:image\" content=\"https:\/\/cartourgenatravel.com\/wp-content\/uploads\/2026\/02\/City-tour-Corralito-2.webp\" \/>\n\t<meta property=\"og:image:width\" content=\"1900\" \/>\n\t<meta property=\"og:image:height\" content=\"2533\" \/>\n\t<meta property=\"og:image:type\" content=\"image\/webp\" \/>\n<meta name=\"twitter:card\" content=\"summary_large_image\" \/>\n<meta name=\"twitter:label1\" content=\"Tiempo de lectura\" \/>\n\t<meta name=\"twitter:data1\" content=\"1 minuto\" \/>\n<script type=\"application\/ld+json\" class=\"yoast-schema-graph\">{\"@context\":\"https:\\\/\\\/schema.org\",\"@graph\":[{\"@type\":\"WebPage\",\"@id\":\"https:\\\/\\\/cartourgenatravel.com\\\/index.php\\\/product\\\/city-tour-corralito-cartagena-citytour\\\/\",\"url\":\"https:\\\/\\\/cartourgenatravel.com\\\/index.php\\\/product\\\/city-tour-corralito-cartagena-citytour\\\/\",\"name\":\"City tour Corralito | Cartagena Citytour - cartourgenatravel.com\",\"isPartOf\":{\"@id\":\"https:\\\/\\\/cartourgenatravel.com\\\/#website\"},\"primaryImageOfPage\":{\"@id\":\"https:\\\/\\\/cartourgenatravel.com\\\/index.php\\\/product\\\/city-tour-corralito-cartagena-citytour\\\/#primaryimage\"},\"image\":{\"@id\":\"https:\\\/\\\/cartourgenatravel.com\\\/index.php\\\/product\\\/city-tour-corralito-cartagena-citytour\\\/#primaryimage\"},\"thumbnailUrl\":\"https:\\\/\\\/cartourgenatravel.com\\\/wp-content\\\/uploads\\\/2026\\\/02\\\/City-tour-Corralito-2.webp\",\"datePublished\":\"2026-02-24T16:01:31+00:00\",\"dateModified\":\"2026-02-26T01:14:25+00:00\",\"breadcrumb\":{\"@id\":\"https:\\\/\\\/cartourgenatravel.com\\\/index.php\\\/product\\\/city-tour-corralito-cartagena-citytour\\\/#breadcrumb\"},\"inLanguage\":\"es\",\"potentialAction\":[{\"@type\":\"ReadAction\",\"target\":[\"https:\\\/\\\/cartourgenatravel.com\\\/index.php\\\/product\\\/city-tour-corralito-cartagena-citytour\\\/\"]}]},{\"@type\":\"ImageObject\",\"inLanguage\":\"es\",\"@id\":\"https:\\\/\\\/cartourgenatravel.com\\\/index.php\\\/product\\\/city-tour-corralito-cartagena-citytour\\\/#primaryimage\",\"url\":\"https:\\\/\\\/cartourgenatravel.com\\\/wp-content\\\/uploads\\\/2026\\\/02\\\/City-tour-Corralito-2.webp\",\"contentUrl\":\"https:\\\/\\\/cartourgenatravel.com\\\/wp-content\\\/uploads\\\/2026\\\/02\\\/City-tour-Corralito-2.webp\",\"width\":1900,\"height\":2533},{\"@type\":\"BreadcrumbList\",\"@id\":\"https:\\\/\\\/cartourgenatravel.com\\\/index.php\\\/product\\\/city-tour-corralito-cartagena-citytour\\\/#breadcrumb\",\"itemListElement\":[{\"@type\":\"ListItem\",\"position\":1,\"name\":\"Portada\",\"item\":\"https:\\\/\\\/cartourgenatravel.com\\\/\"},{\"@type\":\"ListItem\",\"position\":2,\"name\":\"Tours\",\"item\":\"https:\\\/\\\/cartourgenatravel.com\\\/index.php\\\/turismo-cultural-local\\\/tours\\\/\"},{\"@type\":\"ListItem\",\"position\":3,\"name\":\"City tour Corralito | Cartagena Citytour\"}]},{\"@type\":\"WebSite\",\"@id\":\"https:\\\/\\\/cartourgenatravel.com\\\/#website\",\"url\":\"https:\\\/\\\/cartourgenatravel.com\\\/\",\"name\":\"cartourgenatravel.com\",\"description\":\"Una agencia que potencia el turismo local\",\"publisher\":{\"@id\":\"https:\\\/\\\/cartourgenatravel.com\\\/#organization\"},\"potentialAction\":[{\"@type\":\"SearchAction\",\"target\":{\"@type\":\"EntryPoint\",\"urlTemplate\":\"https:\\\/\\\/cartourgenatravel.com\\\/?s={search_term_string}\"},\"query-input\":{\"@type\":\"PropertyValueSpecification\",\"valueRequired\":true,\"valueName\":\"search_term_string\"}}],\"inLanguage\":\"es\"},{\"@type\":\"Organization\",\"@id\":\"https:\\\/\\\/cartourgenatravel.com\\\/#organization\",\"name\":\"cartourgenatravel.com\",\"url\":\"https:\\\/\\\/cartourgenatravel.com\\\/\",\"logo\":{\"@type\":\"ImageObject\",\"inLanguage\":\"es\",\"@id\":\"https:\\\/\\\/cartourgenatravel.com\\\/#\\\/schema\\\/logo\\\/image\\\/\",\"url\":\"https:\\\/\\\/cartourgenatravel.com\\\/wp-content\\\/uploads\\\/2023\\\/05\\\/cartourstravel-logo-.webp\",\"contentUrl\":\"https:\\\/\\\/cartourgenatravel.com\\\/wp-content\\\/uploads\\\/2023\\\/05\\\/cartourstravel-logo-.webp\",\"width\":661,\"height\":482,\"caption\":\"cartourgenatravel.com\"},\"image\":{\"@id\":\"https:\\\/\\\/cartourgenatravel.com\\\/#\\\/schema\\\/logo\\\/image\\\/\"},\"sameAs\":[\"https:\\\/\\\/www.instagram.com\\\/cartourgena_travel\\\/\"]}]}<\/script>\n<!-- \/ Yoast SEO plugin. -->","yoast_head_json":{"title":"City tour Corralito | Cartagena Citytour - cartourgenatravel.com","robots":{"index":"index","follow":"follow","max-snippet":"max-snippet:-1","max-image-preview":"max-image-preview:large","max-video-preview":"max-video-preview:-1"},"canonical":"https:\/\/cartourgenatravel.com\/index.php\/product\/city-tour-corralito-cartagena-citytour\/","og_locale":"es_ES","og_type":"article","og_title":"City tour Corralito | Cartagena Citytour - cartourgenatravel.com","og_description":"Si quieres conocer de cerca lo que en una \u00e9poca fue la puerta de entrada a Sudam\u00e9rica y la rica historia de la segunda ciudad m\u00e1s antigua de Colombia, este tour es para ti, Cartagena de indias es famosa por su encanto, su ubicaci\u00f3n a orillas del mar caribe y su rica cultura caribe\u00f1a. Es [&hellip;]","og_url":"https:\/\/cartourgenatravel.com\/index.php\/product\/city-tour-corralito-cartagena-citytour\/","og_site_name":"cartourgenatravel.com","article_modified_time":"2026-02-26T01:14:25+00:00","og_image":[{"width":1900,"height":2533,"url":"https:\/\/cartourgenatravel.com\/wp-content\/uploads\/2026\/02\/City-tour-Corralito-2.webp","type":"image\/webp"}],"twitter_card":"summary_large_image","twitter_misc":{"Tiempo de lectura":"1 minuto"},"schema":{"@context":"https:\/\/schema.org","@graph":[{"@type":"WebPage","@id":"https:\/\/cartourgenatravel.com\/index.php\/product\/city-tour-corralito-cartagena-citytour\/","url":"https:\/\/cartourgenatravel.com\/index.php\/product\/city-tour-corralito-cartagena-citytour\/","name":"City tour Corralito | Cartagena Citytour - cartourgenatravel.com","isPartOf":{"@id":"https:\/\/cartourgenatravel.com\/#website"},"primaryImageOfPage":{"@id":"https:\/\/cartourgenatravel.com\/index.php\/product\/city-tour-corralito-cartagena-citytour\/#primaryimage"},"image":{"@id":"https:\/\/cartourgenatravel.com\/index.php\/product\/city-tour-corralito-cartagena-citytour\/#primaryimage"},"thumbnailUrl":"https:\/\/cartourgenatravel.com\/wp-content\/uploads\/2026\/02\/City-tour-Corralito-2.webp","datePublished":"2026-02-24T16:01:31+00:00","dateModified":"2026-02-26T01:14:25+00:00","breadcrumb":{"@id":"https:\/\/cartourgenatravel.com\/index.php\/product\/city-tour-corralito-cartagena-citytour\/#breadcrumb"},"inLanguage":"es","potentialAction":[{"@type":"ReadAction","target":["https:\/\/cartourgenatravel.com\/index.php\/product\/city-tour-corralito-cartagena-citytour\/"]}]},{"@type":"ImageObject","inLanguage":"es","@id":"https:\/\/cartourgenatravel.com\/index.php\/product\/city-tour-corralito-cartagena-citytour\/#primaryimage","url":"https:\/\/cartourgenatravel.com\/wp-content\/uploads\/2026\/02\/City-tour-Corralito-2.webp","contentUrl":"https:\/\/cartourgenatravel.com\/wp-content\/uploads\/2026\/02\/City-tour-Corralito-2.webp","width":1900,"height":2533},{"@type":"BreadcrumbList","@id":"https:\/\/cartourgenatravel.com\/index.php\/product\/city-tour-corralito-cartagena-citytour\/#breadcrumb","itemListElement":[{"@type":"ListItem","position":1,"name":"Portada","item":"https:\/\/cartourgenatravel.com\/"},{"@type":"ListItem","position":2,"name":"Tours","item":"https:\/\/cartourgenatravel.com\/index.php\/turismo-cultural-local\/tours\/"},{"@type":"ListItem","position":3,"name":"City tour Corralito | Cartagena Citytour"}]},{"@type":"WebSite","@id":"https:\/\/cartourgenatravel.com\/#website","url":"https:\/\/cartourgenatravel.com\/","name":"cartourgenatravel.com","description":"Una agencia que potencia el turismo local","publisher":{"@id":"https:\/\/cartourgenatravel.com\/#organization"},"potentialAction":[{"@type":"SearchAction","target":{"@type":"EntryPoint","urlTemplate":"https:\/\/cartourgenatravel.com\/?s={search_term_string}"},"query-input":{"@type":"PropertyValueSpecification","valueRequired":true,"valueName":"search_term_string"}}],"inLanguage":"es"},{"@type":"Organization","@id":"https:\/\/cartourgenatravel.com\/#organization","name":"cartourgenatravel.com","url":"https:\/\/cartourgenatravel.com\/","logo":{"@type":"ImageObject","inLanguage":"es","@id":"https:\/\/cartourgenatravel.com\/#\/schema\/logo\/image\/","url":"https:\/\/cartourgenatravel.com\/wp-content\/uploads\/2023\/05\/cartourstravel-logo-.webp","contentUrl":"https:\/\/cartourgenatravel.com\/wp-content\/uploads\/2023\/05\/cartourstravel-logo-.webp","width":661,"height":482,"caption":"cartourgenatravel.com"},"image":{"@id":"https:\/\/cartourgenatravel.com\/#\/schema\/logo\/image\/"},"sameAs":["https:\/\/www.instagram.com\/cartourgena_travel\/"]}]}},"_links":{"self":[{"href":"https:\/\/cartourgenatravel.com\/index.php\/wp-json\/wp\/v2\/product\/2277","targetHints":{"allow":["GET"]}}],"collection":[{"href":"https:\/\/cartourgenatravel.com\/index.php\/wp-json\/wp\/v2\/product"}],"about":[{"href":"https:\/\/cartourgenatravel.com\/index.php\/wp-json\/wp\/v2\/types\/product"}],"replies":[{"embeddable":true,"href":"https:\/\/cartourgenatravel.com\/index.php\/wp-json\/wp\/v2\/comments?post=2277"}],"version-history":[{"count":1,"href":"https:\/\/cartourgenatravel.com\/index.php\/wp-json\/wp\/v2\/product\/2277\/revisions"}],"predecessor-version":[{"id":2396,"href":"https:\/\/cartourgenatravel.com\/index.php\/wp-json\/wp\/v2\/product\/2277\/revisions\/2396"}],"wp:featuredmedia":[{"embeddable":true,"href":"https:\/\/cartourgenatravel.com\/index.php\/wp-json\/wp\/v2\/media\/2279"}],"wp:attachment":[{"href":"https:\/\/cartourgenatravel.com\/index.php\/wp-json\/wp\/v2\/media?parent=2277"}],"wp:term":[{"taxonomy":"product_brand","embeddable":true,"href":"https:\/\/cartourgenatravel.com\/index.php\/wp-json\/wp\/v2\/product_brand?post=2277"},{"taxonomy":"product_cat","embeddable":true,"href":"https:\/\/cartourgenatravel.com\/index.php\/wp-json\/wp\/v2\/product_cat?post=2277"},{"taxonomy":"product_tag","embeddable":true,"href":"https:\/\/cartourgenatravel.com\/index.php\/wp-json\/wp\/v2\/product_tag?post=2277"}],"curies":[{"name":"wp","href":"https:\/\/api.w.org\/{rel}","templated":true}]}}