{"id":2319,"date":"2026-02-24T16:08:16","date_gmt":"2026-02-24T21:08:16","guid":{"rendered":"https:\/\/cartourgenatravel.com\/?post_type=product&#038;p=2319"},"modified":"2026-02-25T20:13:55","modified_gmt":"2026-02-26T01:13:55","slug":"palco-novembrino-mulata-fiestas-novembrinas","status":"publish","type":"product","link":"https:\/\/cartourgenatravel.com\/index.php\/product\/palco-novembrino-mulata-fiestas-novembrinas\/","title":{"rendered":"PALCO NOVEMBRINO \u201cMULATA\u201d | Fiestas Novembrinas"},"content":{"rendered":"<p><span style=\"font-weight: 400;\">\u00bfEst\u00e1s listo para vivir el bando con todo el sabor del barrio Getseman\u00ed? Si planeas visitar a Cartagena de Indias en noviembre de este a\u00f1o, no te pierdas la oportunidad de vivir la magia de la ciudad. Del 1 al 12 de noviembre, el Corralito de Piedra te recibir\u00e1 llena de color, jolgorio, folclor, tarimas, maicena, tradici\u00f3n, repique de tambores, pic\u00f3s, buscapi\u00e9, buena vibra y mucha pero mucha m\u00fasica \u201cchampeta\u201d en cada esquina. La buena vibra que sentir\u00e1s es porque Cartagena conmemora este a\u00f1o, el aniversario 214 del Grito de la Independencia de la ciudad. Conocidas tambi\u00e9n, como Festividades o fiestas Novembrinas, algunos municipios del Departamento se unen tambi\u00e9n con sus propios eventos. Desde homenajes, festivales, desfiles, jolgorios, bandos, disfraces, carrozas, cabildos, conciertos en vivo, salsa a la plaza y reinados.\u00a0<\/span><\/p>\n<p><span style=\"font-weight: 400;\">El Desfile de la Independencia y el Bando que recorre la Avenida Santander el 7 de noviembre, partiendo de Crespo hasta el parque la marina bordeando todas las murallas, lo podras disfrutar con toda seguridad y confianza en nuestro palco novembrino.\u00a0<\/span><\/p>\n<p>&nbsp;<\/p>\n<p><span style=\"font-weight: 400;\">RESERVAS\u00a0<\/span><\/p>\n<p><b>3225207240<\/b><\/p>\n","protected":false},"excerpt":{"rendered":"<p>\u00bfEst\u00e1s listo para vivir el bando con todo el sabor del barrio Getseman\u00ed? Si planeas visitar a Cartagena de Indias en noviembre de este a\u00f1o, no te pierdas la oportunidad de vivir la magia de la ciudad. Del 1 al 12 de noviembre, el Corralito de Piedra te recibir\u00e1 llena de color, jolgorio, folclor, tarimas, [&hellip;]<\/p>\n","protected":false},"featured_media":2320,"comment_status":"closed","ping_status":"closed","template":"","meta":{"_acf_changed":false,"_monsterinsights_skip_tracking":false,"_monsterinsights_sitenote_active":false,"_monsterinsights_sitenote_note":"","_monsterinsights_sitenote_category":0,"_joinchat":[]},"product_brand":[153],"product_cat":[59],"product_tag":[],"class_list":{"0":"post-2319","1":"product","2":"type-product","3":"status-publish","4":"has-post-thumbnail","6":"product_brand-cartourgena","7":"product_cat-cartagena","9":"first","10":"instock","11":"virtual","12":"sold-individually","13":"purchasable","14":"product-type-booking"},"booking_location":"","booking_location_type":"","booking_duration":1,"booking_duration_unit":"day","booking_buffer":0,"booking_cost":0,"booking_resources":[],"acf":[],"yoast_head":"<!-- This site is optimized with the Yoast SEO plugin v27.3 - https:\/\/yoast.com\/product\/yoast-seo-wordpress\/ -->\n<title>PALCO NOVEMBRINO \u201cMULATA\u201d | Fiestas Novembrinas - cartourgenatravel.com<\/title>\n<meta name=\"description\" content=\"El Desfile de la Independencia recorre la Av Santander, partiendo de Crespo hasta el Parque la Marina, lo podras disfrutar con toda seguridad y confianza\" \/>\n<meta name=\"robots\" content=\"index, follow, max-snippet:-1, max-image-preview:large, max-video-preview:-1\" \/>\n<link rel=\"canonical\" href=\"https:\/\/cartourgenatravel.com\/index.php\/product\/palco-novembrino-mulata-fiestas-novembrinas\/\" \/>\n<meta property=\"og:locale\" content=\"es_ES\" \/>\n<meta property=\"og:type\" content=\"article\" \/>\n<meta property=\"og:title\" content=\"PALCO NOVEMBRINO \u201cMULATA\u201d | Fiestas Novembrinas - cartourgenatravel.com\" \/>\n<meta property=\"og:description\" content=\"El Desfile de la Independencia recorre la Av Santander, partiendo de Crespo hasta el Parque la Marina, lo podras disfrutar con toda seguridad y confianza\" \/>\n<meta property=\"og:url\" content=\"https:\/\/cartourgenatravel.com\/index.php\/product\/palco-novembrino-mulata-fiestas-novembrinas\/\" \/>\n<meta property=\"og:site_name\" content=\"cartourgenatravel.com\" \/>\n<meta property=\"article:modified_time\" content=\"2026-02-26T01:13:55+00:00\" \/>\n<meta property=\"og:image\" content=\"https:\/\/cartourgenatravel.com\/wp-content\/uploads\/2026\/02\/1668220053423.jpg\" \/>\n\t<meta property=\"og:image:width\" content=\"720\" \/>\n\t<meta property=\"og:image:height\" content=\"539\" \/>\n\t<meta property=\"og:image:type\" content=\"image\/jpeg\" \/>\n<meta name=\"twitter:card\" content=\"summary_large_image\" \/>\n<meta name=\"twitter:label1\" content=\"Tiempo de lectura\" \/>\n\t<meta name=\"twitter:data1\" content=\"1 minuto\" \/>\n<script type=\"application\/ld+json\" class=\"yoast-schema-graph\">{\"@context\":\"https:\\\/\\\/schema.org\",\"@graph\":[{\"@type\":\"WebPage\",\"@id\":\"https:\\\/\\\/cartourgenatravel.com\\\/index.php\\\/product\\\/palco-novembrino-mulata-fiestas-novembrinas\\\/\",\"url\":\"https:\\\/\\\/cartourgenatravel.com\\\/index.php\\\/product\\\/palco-novembrino-mulata-fiestas-novembrinas\\\/\",\"name\":\"PALCO NOVEMBRINO \u201cMULATA\u201d | Fiestas Novembrinas - cartourgenatravel.com\",\"isPartOf\":{\"@id\":\"https:\\\/\\\/cartourgenatravel.com\\\/#website\"},\"primaryImageOfPage\":{\"@id\":\"https:\\\/\\\/cartourgenatravel.com\\\/index.php\\\/product\\\/palco-novembrino-mulata-fiestas-novembrinas\\\/#primaryimage\"},\"image\":{\"@id\":\"https:\\\/\\\/cartourgenatravel.com\\\/index.php\\\/product\\\/palco-novembrino-mulata-fiestas-novembrinas\\\/#primaryimage\"},\"thumbnailUrl\":\"https:\\\/\\\/cartourgenatravel.com\\\/wp-content\\\/uploads\\\/2026\\\/02\\\/1668220053423.jpg\",\"datePublished\":\"2026-02-24T21:08:16+00:00\",\"dateModified\":\"2026-02-26T01:13:55+00:00\",\"description\":\"El Desfile de la Independencia recorre la Av Santander, partiendo de Crespo hasta el Parque la Marina, lo podras disfrutar con toda seguridad y confianza\",\"breadcrumb\":{\"@id\":\"https:\\\/\\\/cartourgenatravel.com\\\/index.php\\\/product\\\/palco-novembrino-mulata-fiestas-novembrinas\\\/#breadcrumb\"},\"inLanguage\":\"es\",\"potentialAction\":[{\"@type\":\"ReadAction\",\"target\":[\"https:\\\/\\\/cartourgenatravel.com\\\/index.php\\\/product\\\/palco-novembrino-mulata-fiestas-novembrinas\\\/\"]}]},{\"@type\":\"ImageObject\",\"inLanguage\":\"es\",\"@id\":\"https:\\\/\\\/cartourgenatravel.com\\\/index.php\\\/product\\\/palco-novembrino-mulata-fiestas-novembrinas\\\/#primaryimage\",\"url\":\"https:\\\/\\\/cartourgenatravel.com\\\/wp-content\\\/uploads\\\/2026\\\/02\\\/1668220053423.jpg\",\"contentUrl\":\"https:\\\/\\\/cartourgenatravel.com\\\/wp-content\\\/uploads\\\/2026\\\/02\\\/1668220053423.jpg\",\"width\":720,\"height\":539},{\"@type\":\"BreadcrumbList\",\"@id\":\"https:\\\/\\\/cartourgenatravel.com\\\/index.php\\\/product\\\/palco-novembrino-mulata-fiestas-novembrinas\\\/#breadcrumb\",\"itemListElement\":[{\"@type\":\"ListItem\",\"position\":1,\"name\":\"Portada\",\"item\":\"https:\\\/\\\/cartourgenatravel.com\\\/\"},{\"@type\":\"ListItem\",\"position\":2,\"name\":\"Tours\",\"item\":\"https:\\\/\\\/cartourgenatravel.com\\\/index.php\\\/turismo-cultural-local\\\/tours\\\/\"},{\"@type\":\"ListItem\",\"position\":3,\"name\":\"PALCO NOVEMBRINO \u201cMULATA\u201d | Fiestas Novembrinas\"}]},{\"@type\":\"WebSite\",\"@id\":\"https:\\\/\\\/cartourgenatravel.com\\\/#website\",\"url\":\"https:\\\/\\\/cartourgenatravel.com\\\/\",\"name\":\"cartourgenatravel.com\",\"description\":\"Una agencia que potencia el turismo local\",\"publisher\":{\"@id\":\"https:\\\/\\\/cartourgenatravel.com\\\/#organization\"},\"potentialAction\":[{\"@type\":\"SearchAction\",\"target\":{\"@type\":\"EntryPoint\",\"urlTemplate\":\"https:\\\/\\\/cartourgenatravel.com\\\/?s={search_term_string}\"},\"query-input\":{\"@type\":\"PropertyValueSpecification\",\"valueRequired\":true,\"valueName\":\"search_term_string\"}}],\"inLanguage\":\"es\"},{\"@type\":\"Organization\",\"@id\":\"https:\\\/\\\/cartourgenatravel.com\\\/#organization\",\"name\":\"cartourgenatravel.com\",\"url\":\"https:\\\/\\\/cartourgenatravel.com\\\/\",\"logo\":{\"@type\":\"ImageObject\",\"inLanguage\":\"es\",\"@id\":\"https:\\\/\\\/cartourgenatravel.com\\\/#\\\/schema\\\/logo\\\/image\\\/\",\"url\":\"https:\\\/\\\/cartourgenatravel.com\\\/wp-content\\\/uploads\\\/2023\\\/05\\\/cartourstravel-logo-.webp\",\"contentUrl\":\"https:\\\/\\\/cartourgenatravel.com\\\/wp-content\\\/uploads\\\/2023\\\/05\\\/cartourstravel-logo-.webp\",\"width\":661,\"height\":482,\"caption\":\"cartourgenatravel.com\"},\"image\":{\"@id\":\"https:\\\/\\\/cartourgenatravel.com\\\/#\\\/schema\\\/logo\\\/image\\\/\"},\"sameAs\":[\"https:\\\/\\\/www.instagram.com\\\/cartourgena_travel\\\/\"]}]}<\/script>\n<!-- \/ Yoast SEO plugin. -->","yoast_head_json":{"title":"PALCO NOVEMBRINO \u201cMULATA\u201d | Fiestas Novembrinas - cartourgenatravel.com","description":"El Desfile de la Independencia recorre la Av Santander, partiendo de Crespo hasta el Parque la Marina, lo podras disfrutar con toda seguridad y confianza","robots":{"index":"index","follow":"follow","max-snippet":"max-snippet:-1","max-image-preview":"max-image-preview:large","max-video-preview":"max-video-preview:-1"},"canonical":"https:\/\/cartourgenatravel.com\/index.php\/product\/palco-novembrino-mulata-fiestas-novembrinas\/","og_locale":"es_ES","og_type":"article","og_title":"PALCO NOVEMBRINO \u201cMULATA\u201d | Fiestas Novembrinas - cartourgenatravel.com","og_description":"El Desfile de la Independencia recorre la Av Santander, partiendo de Crespo hasta el Parque la Marina, lo podras disfrutar con toda seguridad y confianza","og_url":"https:\/\/cartourgenatravel.com\/index.php\/product\/palco-novembrino-mulata-fiestas-novembrinas\/","og_site_name":"cartourgenatravel.com","article_modified_time":"2026-02-26T01:13:55+00:00","og_image":[{"width":720,"height":539,"url":"https:\/\/cartourgenatravel.com\/wp-content\/uploads\/2026\/02\/1668220053423.jpg","type":"image\/jpeg"}],"twitter_card":"summary_large_image","twitter_misc":{"Tiempo de lectura":"1 minuto"},"schema":{"@context":"https:\/\/schema.org","@graph":[{"@type":"WebPage","@id":"https:\/\/cartourgenatravel.com\/index.php\/product\/palco-novembrino-mulata-fiestas-novembrinas\/","url":"https:\/\/cartourgenatravel.com\/index.php\/product\/palco-novembrino-mulata-fiestas-novembrinas\/","name":"PALCO NOVEMBRINO \u201cMULATA\u201d | Fiestas Novembrinas - cartourgenatravel.com","isPartOf":{"@id":"https:\/\/cartourgenatravel.com\/#website"},"primaryImageOfPage":{"@id":"https:\/\/cartourgenatravel.com\/index.php\/product\/palco-novembrino-mulata-fiestas-novembrinas\/#primaryimage"},"image":{"@id":"https:\/\/cartourgenatravel.com\/index.php\/product\/palco-novembrino-mulata-fiestas-novembrinas\/#primaryimage"},"thumbnailUrl":"https:\/\/cartourgenatravel.com\/wp-content\/uploads\/2026\/02\/1668220053423.jpg","datePublished":"2026-02-24T21:08:16+00:00","dateModified":"2026-02-26T01:13:55+00:00","description":"El Desfile de la Independencia recorre la Av Santander, partiendo de Crespo hasta el Parque la Marina, lo podras disfrutar con toda seguridad y confianza","breadcrumb":{"@id":"https:\/\/cartourgenatravel.com\/index.php\/product\/palco-novembrino-mulata-fiestas-novembrinas\/#breadcrumb"},"inLanguage":"es","potentialAction":[{"@type":"ReadAction","target":["https:\/\/cartourgenatravel.com\/index.php\/product\/palco-novembrino-mulata-fiestas-novembrinas\/"]}]},{"@type":"ImageObject","inLanguage":"es","@id":"https:\/\/cartourgenatravel.com\/index.php\/product\/palco-novembrino-mulata-fiestas-novembrinas\/#primaryimage","url":"https:\/\/cartourgenatravel.com\/wp-content\/uploads\/2026\/02\/1668220053423.jpg","contentUrl":"https:\/\/cartourgenatravel.com\/wp-content\/uploads\/2026\/02\/1668220053423.jpg","width":720,"height":539},{"@type":"BreadcrumbList","@id":"https:\/\/cartourgenatravel.com\/index.php\/product\/palco-novembrino-mulata-fiestas-novembrinas\/#breadcrumb","itemListElement":[{"@type":"ListItem","position":1,"name":"Portada","item":"https:\/\/cartourgenatravel.com\/"},{"@type":"ListItem","position":2,"name":"Tours","item":"https:\/\/cartourgenatravel.com\/index.php\/turismo-cultural-local\/tours\/"},{"@type":"ListItem","position":3,"name":"PALCO NOVEMBRINO \u201cMULATA\u201d | Fiestas Novembrinas"}]},{"@type":"WebSite","@id":"https:\/\/cartourgenatravel.com\/#website","url":"https:\/\/cartourgenatravel.com\/","name":"cartourgenatravel.com","description":"Una agencia que potencia el turismo local","publisher":{"@id":"https:\/\/cartourgenatravel.com\/#organization"},"potentialAction":[{"@type":"SearchAction","target":{"@type":"EntryPoint","urlTemplate":"https:\/\/cartourgenatravel.com\/?s={search_term_string}"},"query-input":{"@type":"PropertyValueSpecification","valueRequired":true,"valueName":"search_term_string"}}],"inLanguage":"es"},{"@type":"Organization","@id":"https:\/\/cartourgenatravel.com\/#organization","name":"cartourgenatravel.com","url":"https:\/\/cartourgenatravel.com\/","logo":{"@type":"ImageObject","inLanguage":"es","@id":"https:\/\/cartourgenatravel.com\/#\/schema\/logo\/image\/","url":"https:\/\/cartourgenatravel.com\/wp-content\/uploads\/2023\/05\/cartourstravel-logo-.webp","contentUrl":"https:\/\/cartourgenatravel.com\/wp-content\/uploads\/2023\/05\/cartourstravel-logo-.webp","width":661,"height":482,"caption":"cartourgenatravel.com"},"image":{"@id":"https:\/\/cartourgenatravel.com\/#\/schema\/logo\/image\/"},"sameAs":["https:\/\/www.instagram.com\/cartourgena_travel\/"]}]}},"_links":{"self":[{"href":"https:\/\/cartourgenatravel.com\/index.php\/wp-json\/wp\/v2\/product\/2319","targetHints":{"allow":["GET"]}}],"collection":[{"href":"https:\/\/cartourgenatravel.com\/index.php\/wp-json\/wp\/v2\/product"}],"about":[{"href":"https:\/\/cartourgenatravel.com\/index.php\/wp-json\/wp\/v2\/types\/product"}],"replies":[{"embeddable":true,"href":"https:\/\/cartourgenatravel.com\/index.php\/wp-json\/wp\/v2\/comments?post=2319"}],"version-history":[{"count":0,"href":"https:\/\/cartourgenatravel.com\/index.php\/wp-json\/wp\/v2\/product\/2319\/revisions"}],"wp:featuredmedia":[{"embeddable":true,"href":"https:\/\/cartourgenatravel.com\/index.php\/wp-json\/wp\/v2\/media\/2320"}],"wp:attachment":[{"href":"https:\/\/cartourgenatravel.com\/index.php\/wp-json\/wp\/v2\/media?parent=2319"}],"wp:term":[{"taxonomy":"product_brand","embeddable":true,"href":"https:\/\/cartourgenatravel.com\/index.php\/wp-json\/wp\/v2\/product_brand?post=2319"},{"taxonomy":"product_cat","embeddable":true,"href":"https:\/\/cartourgenatravel.com\/index.php\/wp-json\/wp\/v2\/product_cat?post=2319"},{"taxonomy":"product_tag","embeddable":true,"href":"https:\/\/cartourgenatravel.com\/index.php\/wp-json\/wp\/v2\/product_tag?post=2319"}],"curies":[{"name":"wp","href":"https:\/\/api.w.org\/{rel}","templated":true}]}}