{"id":2353,"date":"2026-02-25T12:19:00","date_gmt":"2026-02-25T17:19:00","guid":{"rendered":"https:\/\/cartourgenatravel.com\/?post_type=product&#038;p=2353"},"modified":"2026-02-25T20:13:42","modified_gmt":"2026-02-26T01:13:42","slug":"festival-nautico-en-la-bahia-de-cartagena-preventa","status":"publish","type":"product","link":"https:\/\/cartourgenatravel.com\/index.php\/product\/festival-nautico-en-la-bahia-de-cartagena-preventa\/","title":{"rendered":"FESTIVAL NAUTICO EN LA BAHIA DE CARTAGENA | PREVENTA"},"content":{"rendered":"<p><span style=\"font-weight: 400;\">El Festival N\u00e1utico de Cartagena, celebrado en el marco de las Fiestas de Independencia en noviembre, es famoso por ser un espectacular concierto flotante en la bah\u00eda, que act\u00faa como un moderno renacimiento de la tradici\u00f3n de &#8220;Las Balleneras&#8221;. Conecta la m\u00fasica en vivo con la cultura mar\u00edtima y el turismo, reuniendo miles de embarcaciones y artistas internacionales de alto nivel, atrayendo a m\u00e1s de 70,000 asistentes.<\/span><\/p>\n<p><span style=\"font-weight: 400;\">Se destaca por realizar presentaciones musicales (como Marc Anthony o Silvestre Dangond) sobre la Bah\u00eda de las \u00c1nimas, creando un escenario \u00fanico donde la audiencia disfruta desde sus botes.<\/span><\/p>\n<p><span style=\"font-weight: 400;\">El Festival N\u00e1utico de Cartagena 2026 se perfila como un evento monumental, consolid\u00e1ndose el 13 y 14 de noviembre dentro de la agenda de las Fiestas de Independencia. La Alcald\u00eda busca posicionar la ciudad con artistas internacionales de talla mundial, mencion\u00e1ndose nombres como Bad Bunny, J Balvin, Arc\u00e1ngel, Don Omar y Juan Luis Guerra para esta edici\u00f3n.<\/span><\/p>\n<p><span style=\"font-weight: 400;\">El zarpe de las embarcaciones empieza a mediod\u00eda y la programaci\u00f3n iniciar\u00e1 a las 2:30 de la tarde, ambos d\u00edas, finalizando a las 10:30 de la noche, aproximadamente.<\/span><\/p>\n","protected":false},"excerpt":{"rendered":"<p>El Festival N\u00e1utico de Cartagena, celebrado en el marco de las Fiestas de Independencia en noviembre, es famoso por ser un espectacular concierto flotante en la bah\u00eda, que act\u00faa como un moderno renacimiento de la tradici\u00f3n de &#8220;Las Balleneras&#8221;. Conecta la m\u00fasica en vivo con la cultura mar\u00edtima y el turismo, reuniendo miles de embarcaciones [&hellip;]<\/p>\n","protected":false},"featured_media":2356,"comment_status":"closed","ping_status":"closed","template":"","meta":{"_acf_changed":false,"_monsterinsights_skip_tracking":false,"_monsterinsights_sitenote_active":false,"_monsterinsights_sitenote_note":"","_monsterinsights_sitenote_category":0,"_joinchat":[]},"product_brand":[],"product_cat":[59],"product_tag":[],"class_list":{"0":"post-2353","1":"product","2":"type-product","3":"status-publish","4":"has-post-thumbnail","6":"product_cat-cartagena","8":"first","9":"instock","10":"virtual","11":"sold-individually","12":"purchasable","13":"product-type-booking"},"booking_location":"","booking_location_type":"","booking_duration":1,"booking_duration_unit":"day","booking_buffer":0,"booking_cost":0,"booking_resources":[],"acf":[],"yoast_head":"<!-- This site is optimized with the Yoast SEO plugin v27.3 - https:\/\/yoast.com\/product\/yoast-seo-wordpress\/ -->\n<title>FESTIVAL NAUTICO EN LA BAHIA DE CARTAGENA | PREVENTA - cartourgenatravel.com<\/title>\n<meta name=\"robots\" content=\"index, follow, max-snippet:-1, max-image-preview:large, max-video-preview:-1\" \/>\n<link rel=\"canonical\" href=\"https:\/\/cartourgenatravel.com\/index.php\/product\/festival-nautico-en-la-bahia-de-cartagena-preventa\/\" \/>\n<meta property=\"og:locale\" content=\"es_ES\" \/>\n<meta property=\"og:type\" content=\"article\" \/>\n<meta property=\"og:title\" content=\"FESTIVAL NAUTICO EN LA BAHIA DE CARTAGENA | PREVENTA - cartourgenatravel.com\" \/>\n<meta property=\"og:description\" content=\"El Festival N\u00e1utico de Cartagena, celebrado en el marco de las Fiestas de Independencia en noviembre, es famoso por ser un espectacular concierto flotante en la bah\u00eda, que act\u00faa como un moderno renacimiento de la tradici\u00f3n de &#8220;Las Balleneras&#8221;. Conecta la m\u00fasica en vivo con la cultura mar\u00edtima y el turismo, reuniendo miles de embarcaciones [&hellip;]\" \/>\n<meta property=\"og:url\" content=\"https:\/\/cartourgenatravel.com\/index.php\/product\/festival-nautico-en-la-bahia-de-cartagena-preventa\/\" \/>\n<meta property=\"og:site_name\" content=\"cartourgenatravel.com\" \/>\n<meta property=\"article:modified_time\" content=\"2026-02-26T01:13:42+00:00\" \/>\n<meta property=\"og:image\" content=\"https:\/\/cartourgenatravel.com\/wp-content\/uploads\/2026\/02\/IMG-20251115-WA0006-scaled.webp\" \/>\n\t<meta property=\"og:image:width\" content=\"1920\" \/>\n\t<meta property=\"og:image:height\" content=\"2560\" \/>\n\t<meta property=\"og:image:type\" content=\"image\/webp\" \/>\n<meta name=\"twitter:card\" content=\"summary_large_image\" \/>\n<meta name=\"twitter:label1\" content=\"Tiempo de lectura\" \/>\n\t<meta name=\"twitter:data1\" content=\"2 minutos\" \/>\n<script type=\"application\/ld+json\" class=\"yoast-schema-graph\">{\"@context\":\"https:\\\/\\\/schema.org\",\"@graph\":[{\"@type\":\"WebPage\",\"@id\":\"https:\\\/\\\/cartourgenatravel.com\\\/index.php\\\/product\\\/festival-nautico-en-la-bahia-de-cartagena-preventa\\\/\",\"url\":\"https:\\\/\\\/cartourgenatravel.com\\\/index.php\\\/product\\\/festival-nautico-en-la-bahia-de-cartagena-preventa\\\/\",\"name\":\"FESTIVAL NAUTICO EN LA BAHIA DE CARTAGENA | PREVENTA - cartourgenatravel.com\",\"isPartOf\":{\"@id\":\"https:\\\/\\\/cartourgenatravel.com\\\/#website\"},\"primaryImageOfPage\":{\"@id\":\"https:\\\/\\\/cartourgenatravel.com\\\/index.php\\\/product\\\/festival-nautico-en-la-bahia-de-cartagena-preventa\\\/#primaryimage\"},\"image\":{\"@id\":\"https:\\\/\\\/cartourgenatravel.com\\\/index.php\\\/product\\\/festival-nautico-en-la-bahia-de-cartagena-preventa\\\/#primaryimage\"},\"thumbnailUrl\":\"https:\\\/\\\/cartourgenatravel.com\\\/wp-content\\\/uploads\\\/2026\\\/02\\\/IMG-20251115-WA0006-scaled.webp\",\"datePublished\":\"2026-02-25T17:19:00+00:00\",\"dateModified\":\"2026-02-26T01:13:42+00:00\",\"breadcrumb\":{\"@id\":\"https:\\\/\\\/cartourgenatravel.com\\\/index.php\\\/product\\\/festival-nautico-en-la-bahia-de-cartagena-preventa\\\/#breadcrumb\"},\"inLanguage\":\"es\",\"potentialAction\":[{\"@type\":\"ReadAction\",\"target\":[\"https:\\\/\\\/cartourgenatravel.com\\\/index.php\\\/product\\\/festival-nautico-en-la-bahia-de-cartagena-preventa\\\/\"]}]},{\"@type\":\"ImageObject\",\"inLanguage\":\"es\",\"@id\":\"https:\\\/\\\/cartourgenatravel.com\\\/index.php\\\/product\\\/festival-nautico-en-la-bahia-de-cartagena-preventa\\\/#primaryimage\",\"url\":\"https:\\\/\\\/cartourgenatravel.com\\\/wp-content\\\/uploads\\\/2026\\\/02\\\/IMG-20251115-WA0006-scaled.webp\",\"contentUrl\":\"https:\\\/\\\/cartourgenatravel.com\\\/wp-content\\\/uploads\\\/2026\\\/02\\\/IMG-20251115-WA0006-scaled.webp\",\"width\":1920,\"height\":2560},{\"@type\":\"BreadcrumbList\",\"@id\":\"https:\\\/\\\/cartourgenatravel.com\\\/index.php\\\/product\\\/festival-nautico-en-la-bahia-de-cartagena-preventa\\\/#breadcrumb\",\"itemListElement\":[{\"@type\":\"ListItem\",\"position\":1,\"name\":\"Portada\",\"item\":\"https:\\\/\\\/cartourgenatravel.com\\\/\"},{\"@type\":\"ListItem\",\"position\":2,\"name\":\"Tours\",\"item\":\"https:\\\/\\\/cartourgenatravel.com\\\/index.php\\\/turismo-cultural-local\\\/tours\\\/\"},{\"@type\":\"ListItem\",\"position\":3,\"name\":\"FESTIVAL NAUTICO EN LA BAHIA DE CARTAGENA | PREVENTA\"}]},{\"@type\":\"WebSite\",\"@id\":\"https:\\\/\\\/cartourgenatravel.com\\\/#website\",\"url\":\"https:\\\/\\\/cartourgenatravel.com\\\/\",\"name\":\"cartourgenatravel.com\",\"description\":\"Una agencia que potencia el turismo local\",\"publisher\":{\"@id\":\"https:\\\/\\\/cartourgenatravel.com\\\/#organization\"},\"potentialAction\":[{\"@type\":\"SearchAction\",\"target\":{\"@type\":\"EntryPoint\",\"urlTemplate\":\"https:\\\/\\\/cartourgenatravel.com\\\/?s={search_term_string}\"},\"query-input\":{\"@type\":\"PropertyValueSpecification\",\"valueRequired\":true,\"valueName\":\"search_term_string\"}}],\"inLanguage\":\"es\"},{\"@type\":\"Organization\",\"@id\":\"https:\\\/\\\/cartourgenatravel.com\\\/#organization\",\"name\":\"cartourgenatravel.com\",\"url\":\"https:\\\/\\\/cartourgenatravel.com\\\/\",\"logo\":{\"@type\":\"ImageObject\",\"inLanguage\":\"es\",\"@id\":\"https:\\\/\\\/cartourgenatravel.com\\\/#\\\/schema\\\/logo\\\/image\\\/\",\"url\":\"https:\\\/\\\/cartourgenatravel.com\\\/wp-content\\\/uploads\\\/2023\\\/05\\\/cartourstravel-logo-.webp\",\"contentUrl\":\"https:\\\/\\\/cartourgenatravel.com\\\/wp-content\\\/uploads\\\/2023\\\/05\\\/cartourstravel-logo-.webp\",\"width\":661,\"height\":482,\"caption\":\"cartourgenatravel.com\"},\"image\":{\"@id\":\"https:\\\/\\\/cartourgenatravel.com\\\/#\\\/schema\\\/logo\\\/image\\\/\"},\"sameAs\":[\"https:\\\/\\\/www.instagram.com\\\/cartourgena_travel\\\/\"]}]}<\/script>\n<!-- \/ Yoast SEO plugin. -->","yoast_head_json":{"title":"FESTIVAL NAUTICO EN LA BAHIA DE CARTAGENA | PREVENTA - cartourgenatravel.com","robots":{"index":"index","follow":"follow","max-snippet":"max-snippet:-1","max-image-preview":"max-image-preview:large","max-video-preview":"max-video-preview:-1"},"canonical":"https:\/\/cartourgenatravel.com\/index.php\/product\/festival-nautico-en-la-bahia-de-cartagena-preventa\/","og_locale":"es_ES","og_type":"article","og_title":"FESTIVAL NAUTICO EN LA BAHIA DE CARTAGENA | PREVENTA - cartourgenatravel.com","og_description":"El Festival N\u00e1utico de Cartagena, celebrado en el marco de las Fiestas de Independencia en noviembre, es famoso por ser un espectacular concierto flotante en la bah\u00eda, que act\u00faa como un moderno renacimiento de la tradici\u00f3n de &#8220;Las Balleneras&#8221;. Conecta la m\u00fasica en vivo con la cultura mar\u00edtima y el turismo, reuniendo miles de embarcaciones [&hellip;]","og_url":"https:\/\/cartourgenatravel.com\/index.php\/product\/festival-nautico-en-la-bahia-de-cartagena-preventa\/","og_site_name":"cartourgenatravel.com","article_modified_time":"2026-02-26T01:13:42+00:00","og_image":[{"width":1920,"height":2560,"url":"https:\/\/cartourgenatravel.com\/wp-content\/uploads\/2026\/02\/IMG-20251115-WA0006-scaled.webp","type":"image\/webp"}],"twitter_card":"summary_large_image","twitter_misc":{"Tiempo de lectura":"2 minutos"},"schema":{"@context":"https:\/\/schema.org","@graph":[{"@type":"WebPage","@id":"https:\/\/cartourgenatravel.com\/index.php\/product\/festival-nautico-en-la-bahia-de-cartagena-preventa\/","url":"https:\/\/cartourgenatravel.com\/index.php\/product\/festival-nautico-en-la-bahia-de-cartagena-preventa\/","name":"FESTIVAL NAUTICO EN LA BAHIA DE CARTAGENA | PREVENTA - cartourgenatravel.com","isPartOf":{"@id":"https:\/\/cartourgenatravel.com\/#website"},"primaryImageOfPage":{"@id":"https:\/\/cartourgenatravel.com\/index.php\/product\/festival-nautico-en-la-bahia-de-cartagena-preventa\/#primaryimage"},"image":{"@id":"https:\/\/cartourgenatravel.com\/index.php\/product\/festival-nautico-en-la-bahia-de-cartagena-preventa\/#primaryimage"},"thumbnailUrl":"https:\/\/cartourgenatravel.com\/wp-content\/uploads\/2026\/02\/IMG-20251115-WA0006-scaled.webp","datePublished":"2026-02-25T17:19:00+00:00","dateModified":"2026-02-26T01:13:42+00:00","breadcrumb":{"@id":"https:\/\/cartourgenatravel.com\/index.php\/product\/festival-nautico-en-la-bahia-de-cartagena-preventa\/#breadcrumb"},"inLanguage":"es","potentialAction":[{"@type":"ReadAction","target":["https:\/\/cartourgenatravel.com\/index.php\/product\/festival-nautico-en-la-bahia-de-cartagena-preventa\/"]}]},{"@type":"ImageObject","inLanguage":"es","@id":"https:\/\/cartourgenatravel.com\/index.php\/product\/festival-nautico-en-la-bahia-de-cartagena-preventa\/#primaryimage","url":"https:\/\/cartourgenatravel.com\/wp-content\/uploads\/2026\/02\/IMG-20251115-WA0006-scaled.webp","contentUrl":"https:\/\/cartourgenatravel.com\/wp-content\/uploads\/2026\/02\/IMG-20251115-WA0006-scaled.webp","width":1920,"height":2560},{"@type":"BreadcrumbList","@id":"https:\/\/cartourgenatravel.com\/index.php\/product\/festival-nautico-en-la-bahia-de-cartagena-preventa\/#breadcrumb","itemListElement":[{"@type":"ListItem","position":1,"name":"Portada","item":"https:\/\/cartourgenatravel.com\/"},{"@type":"ListItem","position":2,"name":"Tours","item":"https:\/\/cartourgenatravel.com\/index.php\/turismo-cultural-local\/tours\/"},{"@type":"ListItem","position":3,"name":"FESTIVAL NAUTICO EN LA BAHIA DE CARTAGENA | PREVENTA"}]},{"@type":"WebSite","@id":"https:\/\/cartourgenatravel.com\/#website","url":"https:\/\/cartourgenatravel.com\/","name":"cartourgenatravel.com","description":"Una agencia que potencia el turismo local","publisher":{"@id":"https:\/\/cartourgenatravel.com\/#organization"},"potentialAction":[{"@type":"SearchAction","target":{"@type":"EntryPoint","urlTemplate":"https:\/\/cartourgenatravel.com\/?s={search_term_string}"},"query-input":{"@type":"PropertyValueSpecification","valueRequired":true,"valueName":"search_term_string"}}],"inLanguage":"es"},{"@type":"Organization","@id":"https:\/\/cartourgenatravel.com\/#organization","name":"cartourgenatravel.com","url":"https:\/\/cartourgenatravel.com\/","logo":{"@type":"ImageObject","inLanguage":"es","@id":"https:\/\/cartourgenatravel.com\/#\/schema\/logo\/image\/","url":"https:\/\/cartourgenatravel.com\/wp-content\/uploads\/2023\/05\/cartourstravel-logo-.webp","contentUrl":"https:\/\/cartourgenatravel.com\/wp-content\/uploads\/2023\/05\/cartourstravel-logo-.webp","width":661,"height":482,"caption":"cartourgenatravel.com"},"image":{"@id":"https:\/\/cartourgenatravel.com\/#\/schema\/logo\/image\/"},"sameAs":["https:\/\/www.instagram.com\/cartourgena_travel\/"]}]}},"_links":{"self":[{"href":"https:\/\/cartourgenatravel.com\/index.php\/wp-json\/wp\/v2\/product\/2353","targetHints":{"allow":["GET"]}}],"collection":[{"href":"https:\/\/cartourgenatravel.com\/index.php\/wp-json\/wp\/v2\/product"}],"about":[{"href":"https:\/\/cartourgenatravel.com\/index.php\/wp-json\/wp\/v2\/types\/product"}],"replies":[{"embeddable":true,"href":"https:\/\/cartourgenatravel.com\/index.php\/wp-json\/wp\/v2\/comments?post=2353"}],"version-history":[{"count":0,"href":"https:\/\/cartourgenatravel.com\/index.php\/wp-json\/wp\/v2\/product\/2353\/revisions"}],"wp:featuredmedia":[{"embeddable":true,"href":"https:\/\/cartourgenatravel.com\/index.php\/wp-json\/wp\/v2\/media\/2356"}],"wp:attachment":[{"href":"https:\/\/cartourgenatravel.com\/index.php\/wp-json\/wp\/v2\/media?parent=2353"}],"wp:term":[{"taxonomy":"product_brand","embeddable":true,"href":"https:\/\/cartourgenatravel.com\/index.php\/wp-json\/wp\/v2\/product_brand?post=2353"},{"taxonomy":"product_cat","embeddable":true,"href":"https:\/\/cartourgenatravel.com\/index.php\/wp-json\/wp\/v2\/product_cat?post=2353"},{"taxonomy":"product_tag","embeddable":true,"href":"https:\/\/cartourgenatravel.com\/index.php\/wp-json\/wp\/v2\/product_tag?post=2353"}],"curies":[{"name":"wp","href":"https:\/\/api.w.org\/{rel}","templated":true}]}}